{"id":8289,"date":"2024-04-04T07:57:07","date_gmt":"2024-04-04T06:57:07","guid":{"rendered":"https:\/\/www.optima-oncology.eu\/resultats-intelligence-artificielle-ia-explicative\/"},"modified":"2024-04-04T08:38:54","modified_gmt":"2024-04-04T07:38:54","slug":"resultats-intelligence-artificielle-ia-explicative","status":"publish","type":"page","link":"https:\/\/www.optima-oncology.eu\/fr\/resultats-intelligence-artificielle-ia-explicative\/","title":{"rendered":"R\u00e9sultats &#8211; Intelligence artificielle (IA) explicative"},"content":{"rendered":"<p>[et_pb_section fb_built=\u00a0\u00bb1&Prime; admin_label=\u00a0\u00bbHeader  \u00a0\u00bb module_id=\u00a0\u00bbsection001bgs\u00a0\u00bb _builder_version=\u00a0\u00bb4.23.1&Prime; _module_preset=\u00a0\u00bbdefault\u00a0\u00bb background_image=\u00a0\u00bbhttps:\/\/www.optima-oncology.eu\/wp-content\/uploads\/bg-ellipse-wp-section-001.svg\u00a0\u00bb background_size=\u00a0\u00bbinitial\u00a0\u00bb background_position=\u00a0\u00bbcenter_left\u00a0\u00bb min_height=\u00a0\u00bb440px\u00a0\u00bb min_height_tablet=\u00a0\u00bb355px\u00a0\u00bb min_height_phone=\u00a0\u00bb\u00a0\u00bb min_height_last_edited=\u00a0\u00bbon|tablet\u00a0\u00bb height=\u00a0\u00bb440px\u00a0\u00bb height_tablet=\u00a0\u00bb355px\u00a0\u00bb height_phone=\u00a0\u00bb\u00a0\u00bb height_last_edited=\u00a0\u00bbon|tablet\u00a0\u00bb max_height_tablet=\u00a0\u00bb355px\u00a0\u00bb max_height_phone=\u00a0\u00bb\u00a0\u00bb max_height_last_edited=\u00a0\u00bbon|tablet\u00a0\u00bb custom_padding=\u00a0\u00bb||12px|||\u00a0\u00bb da_popup_slug=\u00a0\u00bbsection001bgs\u00a0\u00bb da_disable_devices=\u00a0\u00bboff|off|off\u00a0\u00bb global_colors_info=\u00a0\u00bb{}\u00a0\u00bb da_is_popup=\u00a0\u00bboff\u00a0\u00bb da_exit_intent=\u00a0\u00bboff\u00a0\u00bb da_has_close=\u00a0\u00bbon\u00a0\u00bb da_alt_close=\u00a0\u00bboff\u00a0\u00bb da_dark_close=\u00a0\u00bboff\u00a0\u00bb da_not_modal=\u00a0\u00bbon\u00a0\u00bb da_is_singular=\u00a0\u00bboff\u00a0\u00bb da_with_loader=\u00a0\u00bboff\u00a0\u00bb da_has_shadow=\u00a0\u00bbon\u00a0\u00bb][et_pb_row _builder_version=\u00a0\u00bb4.16&Prime; _module_preset=\u00a0\u00bbdefault\u00a0\u00bb width=\u00a0\u00bb70%\u00a0\u00bb custom_margin=\u00a0\u00bb||||false|false\u00a0\u00bb custom_margin_tablet=\u00a0\u00bb||60px||false|false\u00a0\u00bb custom_margin_phone=\u00a0\u00bb||60px||false|false\u00a0\u00bb custom_margin_last_edited=\u00a0\u00bbon|tablet\u00a0\u00bb global_colors_info=\u00a0\u00bb{}\u00a0\u00bb][et_pb_column type=\u00a0\u00bb4_4&Prime; _builder_version=\u00a0\u00bb4.16&Prime; _module_preset=\u00a0\u00bbdefault\u00a0\u00bb global_colors_info=\u00a0\u00bb{}\u00a0\u00bb][et_pb_text module_class=\u00a0\u00bbh1bug\u00a0\u00bb _builder_version=\u00a0\u00bb4.23.1&Prime; _module_preset=\u00a0\u00bbdefault\u00a0\u00bb header_font=\u00a0\u00bb|800|||||||\u00a0\u00bb header_font_size=\u00a0\u00bb58px\u00a0\u00bb header_line_height=\u00a0\u00bb1.2em\u00a0\u00bb header_4_line_height=\u00a0\u00bb1.3em\u00a0\u00bb custom_margin=\u00a0\u00bb28px||||false|false\u00a0\u00bb header_font_size_tablet=\u00a0\u00bb24px\u00a0\u00bb header_font_size_phone=\u00a0\u00bb\u00a0\u00bb header_font_size_last_edited=\u00a0\u00bbon|tablet\u00a0\u00bb global_colors_info=\u00a0\u00bb{}\u00a0\u00bb]<\/p>\n<h1>Sorties<\/h1>\n<p>[\/et_pb_text][\/et_pb_column][\/et_pb_row][\/et_pb_section][et_pb_section fb_built=\u00a0\u00bb1&Prime; custom_padding_last_edited=\u00a0\u00bbon|tablet\u00a0\u00bb admin_label=\u00a0\u00bbOverview \u2013  for Patients\u00a0\u00bb _builder_version=\u00a0\u00bb4.23.1&Prime; _module_preset=\u00a0\u00bbdefault\u00a0\u00bb custom_margin_tablet=\u00a0\u00bb\u00a0\u00bb custom_margin_phone=\u00a0\u00bb\u00a0\u00bb custom_margin_last_edited=\u00a0\u00bbon|tablet\u00a0\u00bb custom_padding_tablet=\u00a0\u00bb||0px||false|false\u00a0\u00bb custom_padding_phone=\u00a0\u00bb\u00a0\u00bb da_disable_devices=\u00a0\u00bboff|off|off\u00a0\u00bb saved_tabs=\u00a0\u00bball\u00a0\u00bb collapsed=\u00a0\u00bboff\u00a0\u00bb global_colors_info=\u00a0\u00bb{}\u00a0\u00bb da_is_popup=\u00a0\u00bboff\u00a0\u00bb da_exit_intent=\u00a0\u00bboff\u00a0\u00bb da_has_close=\u00a0\u00bbon\u00a0\u00bb da_alt_close=\u00a0\u00bboff\u00a0\u00bb da_dark_close=\u00a0\u00bboff\u00a0\u00bb da_not_modal=\u00a0\u00bbon\u00a0\u00bb da_is_singular=\u00a0\u00bboff\u00a0\u00bb da_with_loader=\u00a0\u00bboff\u00a0\u00bb da_has_shadow=\u00a0\u00bbon\u00a0\u00bb][et_pb_row _builder_version=\u00a0\u00bb4.16&Prime; _module_preset=\u00a0\u00bbdefault\u00a0\u00bb global_colors_info=\u00a0\u00bb{}\u00a0\u00bb][et_pb_column type=\u00a0\u00bb4_4&Prime; _builder_version=\u00a0\u00bb4.16&Prime; _module_preset=\u00a0\u00bbdefault\u00a0\u00bb global_colors_info=\u00a0\u00bb{}\u00a0\u00bb][et_pb_text _builder_version=\u00a0\u00bb4.23.1&Prime; _module_preset=\u00a0\u00bbdefault\u00a0\u00bb header_2_font=\u00a0\u00bb|700|||||||\u00a0\u00bb header_2_text_align=\u00a0\u00bbcenter\u00a0\u00bb header_2_line_height=\u00a0\u00bb120%\u00a0\u00bb header_4_line_height=\u00a0\u00bb1.3em\u00a0\u00bb global_colors_info=\u00a0\u00bb{}\u00a0\u00bb]<\/p>\n<h2>Fiches d\u2019information et vue d\u2019ensemble<\/h2>\n<p>[\/et_pb_text][\/et_pb_column][\/et_pb_row][et_pb_row _builder_version=\u00a0\u00bb4.16&Prime; _module_preset=\u00a0\u00bbdefault\u00a0\u00bb custom_padding=\u00a0\u00bb||45px||false|false\u00a0\u00bb global_colors_info=\u00a0\u00bb{}\u00a0\u00bb][et_pb_column type=\u00a0\u00bb4_4&Prime; _builder_version=\u00a0\u00bb4.16&Prime; _module_preset=\u00a0\u00bbdefault\u00a0\u00bb global_colors_info=\u00a0\u00bb{}\u00a0\u00bb][et_pb_text _builder_version=\u00a0\u00bb4.23.1&Prime; _module_preset=\u00a0\u00bbdefault\u00a0\u00bb header_2_line_height=\u00a0\u00bb120%\u00a0\u00bb header_3_font_size=\u00a0\u00bb26px\u00a0\u00bb header_3_line_height=\u00a0\u00bb1.2em\u00a0\u00bb header_4_line_height=\u00a0\u00bb1.3em\u00a0\u00bb global_colors_info=\u00a0\u00bb{}\u00a0\u00bb]<\/p>\n<h3><strong>OPTIMA<br \/>\nNote explicative sur l\u2019Intelligence Artificielle (IA)<br \/>\n<\/strong><\/h3>\n<p>[\/et_pb_text][\/et_pb_column][\/et_pb_row][et_pb_row column_structure=\u00a0\u00bb1_2,1_2&Prime; _builder_version=\u00a0\u00bb4.23.1&Prime; _module_preset=\u00a0\u00bbdefault\u00a0\u00bb width=\u00a0\u00bb70%\u00a0\u00bb custom_margin=\u00a0\u00bb||||false|false\u00a0\u00bb custom_padding=\u00a0\u00bb0px||60px||false|false\u00a0\u00bb global_colors_info=\u00a0\u00bb{}\u00a0\u00bb][et_pb_column type=\u00a0\u00bb1_2&Prime; _builder_version=\u00a0\u00bb4.16&Prime; _module_preset=\u00a0\u00bbdefault\u00a0\u00bb global_colors_info=\u00a0\u00bb{}\u00a0\u00bb][et_pb_text _builder_version=\u00a0\u00bb4.23.1&Prime; _module_preset=\u00a0\u00bbdefault\u00a0\u00bb text_letter_spacing=\u00a0\u00bb0.02em\u00a0\u00bb text_line_height=\u00a0\u00bb150%\u00a0\u00bb header_4_line_height=\u00a0\u00bb1.3em\u00a0\u00bb text_font_size_tablet=\u00a0\u00bb14px\u00a0\u00bb text_font_size_phone=\u00a0\u00bb\u00a0\u00bb text_font_size_last_edited=\u00a0\u00bbon|tablet\u00a0\u00bb global_colors_info=\u00a0\u00bb{}\u00a0\u00bb]<\/p>\n<h4><span>Vue d&rsquo;ensemble<\/span><\/h4>\n<p>Le projet OPTIMA est une initiative collaborative visant \u00e0 am\u00e9liorer les soins en canc\u00e9rologie gr\u00e2ce <br \/>\u00e0 l&rsquo;int\u00e9gration des technologies de l&rsquo;intelligence artificielle (IA). Il porte sur les traitements personnalis\u00e9s et les th\u00e9rapies innovantes, en mettant l&rsquo;accent sur le renforcement de la prise de d\u00e9cision partag\u00e9e entre les cliniciens et les patients.*<\/p>\n<p>[\/et_pb_text][et_pb_text _builder_version=\u00a0\u00bb4.23.1&Prime; _module_preset=\u00a0\u00bbdefault\u00a0\u00bb text_letter_spacing=\u00a0\u00bb0.02em\u00a0\u00bb text_line_height=\u00a0\u00bb150%\u00a0\u00bb header_4_line_height=\u00a0\u00bb1.3em\u00a0\u00bb text_font_size_tablet=\u00a0\u00bb14px\u00a0\u00bb text_font_size_phone=\u00a0\u00bb\u00a0\u00bb text_font_size_last_edited=\u00a0\u00bbon|tablet\u00a0\u00bb global_colors_info=\u00a0\u00bb{}\u00a0\u00bb]<\/p>\n<h4><span>Objectifs<\/span><\/h4>\n<p><b>Aide <\/b><b>\u00e0<\/b><b> la <\/b><b>d\u00e9cision<\/b> <b>clinique<\/b><b>: <\/b>D\u00e9velopper une plateforme d&rsquo;aide \u00e0 la d\u00e9cision bas\u00e9e sur des lignes directrices interpr\u00e9tables par ordinateur, afin d&rsquo;aider les m\u00e9decins \u00e0 prendre des d\u00e9cisions th\u00e9rapeutiques fond\u00e9es sur des donn\u00e9es probantes.\u00a0<\/p>\n<p><b>G\u00e9n\u00e9ration<\/b><b> de <\/b><b>connaissances<\/b><b> par <\/b><b>l&rsquo;IA<\/b><b>: <\/b>Utiliser l&rsquo;IA et l&rsquo;analyse avanc\u00e9e sur des donn\u00e9es du monde r\u00e9el pour g\u00e9n\u00e9rer de nouvelles connaissances et de nouveaux \u00e9clairages, ce qui permettra d&rsquo;am\u00e9liorer les strat\u00e9gies de soins contre le cancer.<\/p>\n<p>&nbsp;<\/p>\n<p>[\/et_pb_text][\/et_pb_column][et_pb_column type=\u00a0\u00bb1_2&Prime; _builder_version=\u00a0\u00bb4.16&Prime; _module_preset=\u00a0\u00bbdefault\u00a0\u00bb global_colors_info=\u00a0\u00bb{}\u00a0\u00bb][et_pb_image src=\u00a0\u00bbhttps:\/\/www.optima-oncology.eu\/wp-content\/uploads\/ai.jpg\u00a0\u00bb alt=\u00a0\u00bbIA\u00a0\u00bb title_text=\u00a0\u00bbAI\u00a0\u00bb module_class=\u00a0\u00bbimagewithborder\u00a0\u00bb _builder_version=\u00a0\u00bb4.23.1&Prime; _module_preset=\u00a0\u00bbdefault\u00a0\u00bb custom_padding=\u00a0\u00bb||||true|true\u00a0\u00bb border_radii=\u00a0\u00bbon|20px|20px|20px|20px\u00a0\u00bb box_shadow_style=\u00a0\u00bbpreset1&Prime; global_colors_info=\u00a0\u00bb{}\u00a0\u00bb][\/et_pb_image][\/et_pb_column][\/et_pb_row][et_pb_row column_structure=\u00a0\u00bb1_2,1_2&Prime; _builder_version=\u00a0\u00bb4.23.1&Prime; _module_preset=\u00a0\u00bbdefault\u00a0\u00bb width=\u00a0\u00bb70%\u00a0\u00bb custom_margin=\u00a0\u00bb||||false|false\u00a0\u00bb custom_padding=\u00a0\u00bb40px||60px||false|false\u00a0\u00bb global_colors_info=\u00a0\u00bb{}\u00a0\u00bb][et_pb_column type=\u00a0\u00bb1_2&Prime; _builder_version=\u00a0\u00bb4.16&Prime; _module_preset=\u00a0\u00bbdefault\u00a0\u00bb global_colors_info=\u00a0\u00bb{}\u00a0\u00bb][et_pb_text _builder_version=\u00a0\u00bb4.23.1&Prime; _module_preset=\u00a0\u00bbdefault\u00a0\u00bb text_letter_spacing=\u00a0\u00bb0.02em\u00a0\u00bb text_line_height=\u00a0\u00bb150%\u00a0\u00bb header_4_line_height=\u00a0\u00bb1.3em\u00a0\u00bb text_font_size_tablet=\u00a0\u00bb14px\u00a0\u00bb text_font_size_phone=\u00a0\u00bb\u00a0\u00bb text_font_size_last_edited=\u00a0\u00bbon|tablet\u00a0\u00bb global_colors_info=\u00a0\u00bb{}\u00a0\u00bb]<\/p>\n<h4><span>Applications de l&rsquo;IA dans le traitement du cancer<\/span><\/h4>\n<p><b>Le <\/b><b>projet<\/b><b> OPTIMA explore <\/b><b>diverses<\/b><b> applications de <\/b><b>l&rsquo;IA<\/b><b>, <\/b><b>notamment<\/b><b>:<\/b><\/p>\n<p><b>Imagerie<\/b><b>: <\/b>L&rsquo;IA a r\u00e9volutionn\u00e9 l&rsquo;analyse d&rsquo;images gr\u00e2ce au d\u00e9veloppement de biomarqueurs d&rsquo;imagerie pour am\u00e9liorer et soutenir la prise de d\u00e9cision dans les processus de diagnostic, de r\u00e9ponse au traitement et d&rsquo;optimisation.<\/p>\n<p><b>Donn\u00e9es<\/b><b> des dossiers <\/b><b>m\u00e9dicaux<\/b> <b>\u00e9lectroniques<\/b> <b>(DME): <\/b>L&rsquo;IA a d\u00e9montr\u00e9 sa valeur dans l&rsquo;analyse de donn\u00e9es des DME, qui constituent l&rsquo;une des principales modalit\u00e9s de donn\u00e9es permettant de retracer et de mieux comprendre l&rsquo;histoire clinique du cancer.<\/p>\n<p><b>Traitement<\/b><b> du <\/b><b>langage<\/b><b> naturel (Natural Language processing <\/b><b>ou<\/b><b> NLP): <\/b>le NLP est utilis\u00e9 pour analyser les DME de l&rsquo;OMOP (Observational Medical Outcomes Partnership) et \u00e9valuer le respect des directives cliniques.<\/p>\n<p>L&rsquo;IA permet d&rsquo;effectuer plusieurs t\u00e2ches sur les donn\u00e9es susmentionn\u00e9es, telles que:<\/p>\n<p><b>Classification: <\/b>La classification implique un mod\u00e8le qui vise \u00e0 pr\u00e9dire l&rsquo;\u00e9tiquetage correct d&rsquo;une donn\u00e9e, comme la reconnaissance des formes pour am\u00e9liorer le diagnostic pr\u00e9coce ou identifier des sous-groupes de patients pr\u00e9sentant des caract\u00e9ristiques diff\u00e9rentes.<\/p>\n<p>&nbsp;<\/p>\n<p>[\/et_pb_text][\/et_pb_column][et_pb_column type=\u00a0\u00bb1_2&Prime; _builder_version=\u00a0\u00bb4.16&Prime; _module_preset=\u00a0\u00bbdefault\u00a0\u00bb global_colors_info=\u00a0\u00bb{}\u00a0\u00bb][et_pb_text _builder_version=\u00a0\u00bb4.23.1&Prime; _module_preset=\u00a0\u00bbdefault\u00a0\u00bb text_letter_spacing=\u00a0\u00bb0.02em\u00a0\u00bb text_line_height=\u00a0\u00bb150%\u00a0\u00bb header_4_line_height=\u00a0\u00bb1.3em\u00a0\u00bb custom_margin=\u00a0\u00bb22px||||false|false\u00a0\u00bb text_font_size_tablet=\u00a0\u00bb14px\u00a0\u00bb text_font_size_phone=\u00a0\u00bb\u00a0\u00bb text_font_size_last_edited=\u00a0\u00bbon|tablet\u00a0\u00bb global_colors_info=\u00a0\u00bb{}\u00a0\u00bb]<\/p>\n<p><b>R\u00e9gression<\/b><b>: <\/b>La r\u00e9gression fait r\u00e9f\u00e9rence au processus d&rsquo;extraction de caract\u00e9ristiques mesurables \u00e0 partir de donn\u00e9es non structur\u00e9es, par exemple le calcul du score de Gleason \u00e0 partir d&rsquo;images m\u00e9dicales.<\/p>\n<p><b>Regroupement<\/b><b>: <\/b>Le regroupement consiste \u00e0 identifier les similitudes au sein de groupes de donn\u00e9es, par exemple en regroupant des individus en fonction de leurs risques g\u00e9n\u00e9tiques et de leurs r\u00e9sultats de d\u00e9pistage.<\/p>\n<p><b>Pr\u00e9diction<\/b><b>: <\/b>La pr\u00e9diction consiste \u00e0 pr\u00e9voir divers aspects des soins aux patients, tels que la d\u00e9termination de la s\u00e9quence ou de la combinaison de traitements appropri\u00e9e, la pr\u00e9vision de l&rsquo;incidence de la maladie et l&rsquo;estimation des taux de survie.<\/p>\n<p><b>M<\/b><b>ultimodalit\u00e9<\/b><b>: <\/b>La multimodalit\u00e9 fait r\u00e9f\u00e9rence \u00e0 la combinaison et \u00e0 l&rsquo;int\u00e9gration de diverses sources de donn\u00e9es, notamment l&rsquo;imagerie m\u00e9dicale, les donn\u00e9es omiques, les DME, les donn\u00e9es OMOP, etc.\u00a0<\/p>\n<p><b>Inf\u00e9rence<\/b> <b>causale<\/b><b>: <\/b>L&rsquo;inf\u00e9rence causale est le processus d&rsquo;identification des relations de cause \u00e0 effet dans les donn\u00e9es. Dans le contexte du projet OPTIMA, elle peut \u00eatre utilis\u00e9e pour la gestion des th\u00e9rapies et l&rsquo;\u00e9valuation de la qualit\u00e9 de vie des patients afin de comprendre l&rsquo;impact des traitements sur leur bien-\u00eatre.<\/p>\n<p>[\/et_pb_text][\/et_pb_column][\/et_pb_row][et_pb_row column_structure=\u00a0\u00bb1_2,1_2&Prime; _builder_version=\u00a0\u00bb4.23.1&Prime; _module_preset=\u00a0\u00bbdefault\u00a0\u00bb width=\u00a0\u00bb70%\u00a0\u00bb custom_margin=\u00a0\u00bb||||false|false\u00a0\u00bb custom_padding=\u00a0\u00bb40px||60px||false|false\u00a0\u00bb global_colors_info=\u00a0\u00bb{}\u00a0\u00bb][et_pb_column type=\u00a0\u00bb1_2&Prime; _builder_version=\u00a0\u00bb4.16&Prime; _module_preset=\u00a0\u00bbdefault\u00a0\u00bb global_colors_info=\u00a0\u00bb{}\u00a0\u00bb][et_pb_text _builder_version=\u00a0\u00bb4.23.1&Prime; _module_preset=\u00a0\u00bbdefault\u00a0\u00bb text_letter_spacing=\u00a0\u00bb0.02em\u00a0\u00bb text_line_height=\u00a0\u00bb150%\u00a0\u00bb header_4_line_height=\u00a0\u00bb1.3em\u00a0\u00bb text_font_size_tablet=\u00a0\u00bb14px\u00a0\u00bb text_font_size_phone=\u00a0\u00bb\u00a0\u00bb text_font_size_last_edited=\u00a0\u00bbon|tablet\u00a0\u00bb global_colors_info=\u00a0\u00bb{}\u00a0\u00bb]<\/p>\n<h4><span>Donn\u00e9es et protection de la vie priv\u00e9e<\/span><\/h4>\n<p>OPTIMA accorde une grande importance \u00e0 la confidentialit\u00e9 des donn\u00e9es et au respect de l&rsquo;\u00e9thique. Les donn\u00e9es personnelles des patients sont trait\u00e9es avec la plus grande confidentialit\u00e9, et toutes les activit\u00e9s sont conformes aux r\u00e9glementations l\u00e9gales et aux directives \u00e9thiques afin de garantir le respect de la vie priv\u00e9e des patients et la protection des donn\u00e9es.<\/p>\n<p>[\/et_pb_text][et_pb_text _builder_version=\u00a0\u00bb4.23.1&Prime; _module_preset=\u00a0\u00bbdefault\u00a0\u00bb text_letter_spacing=\u00a0\u00bb0.02em\u00a0\u00bb text_line_height=\u00a0\u00bb150%\u00a0\u00bb header_4_line_height=\u00a0\u00bb1.3em\u00a0\u00bb text_font_size_tablet=\u00a0\u00bb14px\u00a0\u00bb text_font_size_phone=\u00a0\u00bb\u00a0\u00bb text_font_size_last_edited=\u00a0\u00bbon|tablet\u00a0\u00bb global_colors_info=\u00a0\u00bb{}\u00a0\u00bb]<\/p>\n<h4><span>Flux de travail num\u00e9ris\u00e9s et apprentissage f\u00e9d\u00e9r\u00e9 <\/span><\/h4>\n<p>Pour rendre l&rsquo;IA op\u00e9rationnelle dans les milieux cliniques, le projet OPTIMA vise \u00e0 num\u00e9riser les flux de travail en incorporant des lignes directrices et des questions de recherche interpr\u00e9tables par ordinateur. L&rsquo;apprentissage f\u00e9d\u00e9r\u00e9 permet d&rsquo;entra\u00eener collectivement des mod\u00e8les d&rsquo;IA sur plusieurs sites sans partager les donn\u00e9es brutes, <br \/>ce qui pr\u00e9serve la confidentialit\u00e9 des donn\u00e9es et la r\u00e9duction des biais statistiques.<\/p>\n<p>[\/et_pb_text][\/et_pb_column][et_pb_column type=\u00a0\u00bb1_2&Prime; _builder_version=\u00a0\u00bb4.16&Prime; _module_preset=\u00a0\u00bbdefault\u00a0\u00bb global_colors_info=\u00a0\u00bb{}\u00a0\u00bb][et_pb_text _builder_version=\u00a0\u00bb4.23.1&Prime; _module_preset=\u00a0\u00bbdefault\u00a0\u00bb text_letter_spacing=\u00a0\u00bb0.02em\u00a0\u00bb text_line_height=\u00a0\u00bb150%\u00a0\u00bb header_4_line_height=\u00a0\u00bb1.3em\u00a0\u00bb text_font_size_tablet=\u00a0\u00bb14px\u00a0\u00bb text_font_size_phone=\u00a0\u00bb\u00a0\u00bb text_font_size_last_edited=\u00a0\u00bbon|tablet\u00a0\u00bb global_colors_info=\u00a0\u00bb{}\u00a0\u00bb]<\/p>\n<h4><span>Aspects \u00e9thiques et juridiques<\/span><\/h4>\n<p>OPTIMA donne la priorit\u00e9 aux consid\u00e9rations \u00e9thiques, en garantissant le traitement conforme et \u00e9thique des donn\u00e9es des patients dans le cadre du projet. Des efforts sont d\u00e9ploy\u00e9s pour expliquer les mod\u00e8les d&rsquo;IA et les biais potentiels, en mettant l&rsquo;accent sur la transparence et l&rsquo;\u00e9quit\u00e9 dans la prise de d\u00e9cision bas\u00e9e sur l&rsquo;IA.<\/p>\n<p>[\/et_pb_text][et_pb_text _builder_version=\u00a0\u00bb4.23.1&Prime; _module_preset=\u00a0\u00bbdefault\u00a0\u00bb text_letter_spacing=\u00a0\u00bb0.02em\u00a0\u00bb text_line_height=\u00a0\u00bb150%\u00a0\u00bb header_4_line_height=\u00a0\u00bb1.3em\u00a0\u00bb text_font_size_tablet=\u00a0\u00bb14px\u00a0\u00bb text_font_size_phone=\u00a0\u00bb\u00a0\u00bb text_font_size_last_edited=\u00a0\u00bbon|tablet\u00a0\u00bb global_colors_info=\u00a0\u00bb{}\u00a0\u00bb]<\/p>\n<h4><span>Limites de l&rsquo;IA dans le secteur de la sant\u00e9<\/span><\/h4>\n<p>Les syst\u00e8mes d&rsquo;IA peuvent apprendre et comprendre la forme des donn\u00e9es, mais ne peuvent pas leur donner une signification s\u00e9mantique. Bien qu&rsquo;ils puissent identifier des mod\u00e8les, ils n&rsquo;ont pas la capacit\u00e9 de comprendre les concepts sous-jacents. Cette limitation implique que l&rsquo;IA peut d\u00e9tecter des donn\u00e9es m\u00e9dicales sp\u00e9cifiques associ\u00e9es \u00e0 certaines conditions (par exemple, identifier un cancer dans des images m\u00e9dicales), mais ne peut pas comprendre pleinement les concepts m\u00e9dicaux sous-jacents aux donn\u00e9es (par exemple, l&rsquo;importance d&rsquo;un cancer dans le contexte de la sant\u00e9 globale d&rsquo;un patient).<\/p>\n<p>[\/et_pb_text][\/et_pb_column][\/et_pb_row][et_pb_row _builder_version=\u00a0\u00bb4.23.1&Prime; _module_preset=\u00a0\u00bbdefault\u00a0\u00bb custom_padding=\u00a0\u00bb94px|||||\u00a0\u00bb global_colors_info=\u00a0\u00bb{}\u00a0\u00bb][et_pb_column type=\u00a0\u00bb4_4&Prime; _builder_version=\u00a0\u00bb4.23.1&Prime; _module_preset=\u00a0\u00bbdefault\u00a0\u00bb global_colors_info=\u00a0\u00bb{}\u00a0\u00bb][et_pb_button button_url=\u00a0\u00bbhttps:\/\/www.optima-oncology.eu\/wp-content\/uploads\/Factsheet_AI_Explainer_OPTIMA_FR_FINAL.pdf\u00a0\u00bb url_new_window=\u00a0\u00bbon\u00a0\u00bb button_text=\u00a0\u00bbT\u00e9l\u00e9charger cette fiche d&rsquo;information (PDF)\u00a0\u00bb _builder_version=\u00a0\u00bb4.23.1&Prime; _module_preset=\u00a0\u00bbdefault\u00a0\u00bb global_colors_info=\u00a0\u00bb{}\u00a0\u00bb][\/et_pb_button][\/et_pb_column][\/et_pb_row][\/et_pb_section]<\/p>\n","protected":false},"excerpt":{"rendered":"<p>Le projet OPTIMA est une initiative collaborative visant \u00e0 am\u00e9liorer les soins en canc\u00e9rologie gr\u00e2ce<br \/>\n\u00e0 l\u2019int\u00e9gration des technologies de l\u2019intelligence artificielle (IA)<\/p>\n","protected":false},"author":1,"featured_media":4249,"parent":0,"menu_order":10,"comment_status":"closed","ping_status":"closed","template":"","meta":{"_et_pb_use_builder":"on","_et_pb_old_content":"","_et_gb_content_width":"","footnotes":"","_links_to":"","_links_to_target":""},"class_list":["post-8289","page","type-page","status-publish","has-post-thumbnail","hentry"],"aioseo_notices":[],"_links":{"self":[{"href":"https:\/\/www.optima-oncology.eu\/fr\/wp-json\/wp\/v2\/pages\/8289","targetHints":{"allow":["GET"]}}],"collection":[{"href":"https:\/\/www.optima-oncology.eu\/fr\/wp-json\/wp\/v2\/pages"}],"about":[{"href":"https:\/\/www.optima-oncology.eu\/fr\/wp-json\/wp\/v2\/types\/page"}],"author":[{"embeddable":true,"href":"https:\/\/www.optima-oncology.eu\/fr\/wp-json\/wp\/v2\/users\/1"}],"replies":[{"embeddable":true,"href":"https:\/\/www.optima-oncology.eu\/fr\/wp-json\/wp\/v2\/comments?post=8289"}],"version-history":[{"count":3,"href":"https:\/\/www.optima-oncology.eu\/fr\/wp-json\/wp\/v2\/pages\/8289\/revisions"}],"predecessor-version":[{"id":8316,"href":"https:\/\/www.optima-oncology.eu\/fr\/wp-json\/wp\/v2\/pages\/8289\/revisions\/8316"}],"wp:featuredmedia":[{"embeddable":true,"href":"https:\/\/www.optima-oncology.eu\/fr\/wp-json\/wp\/v2\/media\/4249"}],"wp:attachment":[{"href":"https:\/\/www.optima-oncology.eu\/fr\/wp-json\/wp\/v2\/media?parent=8289"}],"curies":[{"name":"wp","href":"https:\/\/api.w.org\/{rel}","templated":true}]}}