{"id":8149,"date":"2024-03-20T06:21:52","date_gmt":"2024-03-20T06:21:52","guid":{"rendered":"https:\/\/www.optima-oncology.eu\/sorties-optima-en-un-coup-doeil-revolutionner-loncologie\/"},"modified":"2024-03-20T06:37:12","modified_gmt":"2024-03-20T06:37:12","slug":"sorties-optima-en-un-coup-doeil-revolutionner-loncologie","status":"publish","type":"page","link":"https:\/\/www.optima-oncology.eu\/fr\/sorties-optima-en-un-coup-doeil-revolutionner-loncologie\/","title":{"rendered":"Sorties &#8211; OPTIMA en un coup d\u2019\u0153il \u2013 R\u00e9volutionner l\u2019oncologie"},"content":{"rendered":"<p>[et_pb_section fb_built=\u00a0\u00bb1&Prime; admin_label=\u00a0\u00bbHeader  \u00a0\u00bb module_id=\u00a0\u00bbsection001bgs\u00a0\u00bb _builder_version=\u00a0\u00bb4.23.1&Prime; _module_preset=\u00a0\u00bbdefault\u00a0\u00bb background_image=\u00a0\u00bbhttps:\/\/www.optima-oncology.eu\/wp-content\/uploads\/bg-ellipse-wp-section-001.svg\u00a0\u00bb background_size=\u00a0\u00bbinitial\u00a0\u00bb background_position=\u00a0\u00bbcenter_left\u00a0\u00bb min_height=\u00a0\u00bb440px\u00a0\u00bb min_height_tablet=\u00a0\u00bb355px\u00a0\u00bb min_height_phone=\u00a0\u00bb\u00a0\u00bb min_height_last_edited=\u00a0\u00bbon|tablet\u00a0\u00bb height=\u00a0\u00bb440px\u00a0\u00bb height_tablet=\u00a0\u00bb355px\u00a0\u00bb height_phone=\u00a0\u00bb\u00a0\u00bb height_last_edited=\u00a0\u00bbon|tablet\u00a0\u00bb max_height_tablet=\u00a0\u00bb355px\u00a0\u00bb max_height_phone=\u00a0\u00bb\u00a0\u00bb max_height_last_edited=\u00a0\u00bbon|tablet\u00a0\u00bb custom_padding=\u00a0\u00bb||12px|||\u00a0\u00bb da_popup_slug=\u00a0\u00bbsection001bgs\u00a0\u00bb da_disable_devices=\u00a0\u00bboff|off|off\u00a0\u00bb global_colors_info=\u00a0\u00bb{}\u00a0\u00bb da_is_popup=\u00a0\u00bboff\u00a0\u00bb da_exit_intent=\u00a0\u00bboff\u00a0\u00bb da_has_close=\u00a0\u00bbon\u00a0\u00bb da_alt_close=\u00a0\u00bboff\u00a0\u00bb da_dark_close=\u00a0\u00bboff\u00a0\u00bb da_not_modal=\u00a0\u00bbon\u00a0\u00bb da_is_singular=\u00a0\u00bboff\u00a0\u00bb da_with_loader=\u00a0\u00bboff\u00a0\u00bb da_has_shadow=\u00a0\u00bbon\u00a0\u00bb][et_pb_row _builder_version=\u00a0\u00bb4.16&Prime; _module_preset=\u00a0\u00bbdefault\u00a0\u00bb width=\u00a0\u00bb70%\u00a0\u00bb custom_margin=\u00a0\u00bb||||false|false\u00a0\u00bb custom_margin_tablet=\u00a0\u00bb||60px||false|false\u00a0\u00bb custom_margin_phone=\u00a0\u00bb||60px||false|false\u00a0\u00bb custom_margin_last_edited=\u00a0\u00bbon|tablet\u00a0\u00bb global_colors_info=\u00a0\u00bb{}\u00a0\u00bb][et_pb_column type=\u00a0\u00bb4_4&Prime; _builder_version=\u00a0\u00bb4.16&Prime; _module_preset=\u00a0\u00bbdefault\u00a0\u00bb global_colors_info=\u00a0\u00bb{}\u00a0\u00bb][et_pb_text module_class=\u00a0\u00bbh1bug\u00a0\u00bb _builder_version=\u00a0\u00bb4.23.1&Prime; _module_preset=\u00a0\u00bbdefault\u00a0\u00bb header_font=\u00a0\u00bb|800|||||||\u00a0\u00bb header_font_size=\u00a0\u00bb58px\u00a0\u00bb header_line_height=\u00a0\u00bb1.2em\u00a0\u00bb custom_margin=\u00a0\u00bb28px||||false|false\u00a0\u00bb header_font_size_tablet=\u00a0\u00bb24px\u00a0\u00bb header_font_size_phone=\u00a0\u00bb\u00a0\u00bb header_font_size_last_edited=\u00a0\u00bbon|tablet\u00a0\u00bb global_colors_info=\u00a0\u00bb{}\u00a0\u00bb]<\/p>\n<h1>Sorties<\/h1>\n<p>[\/et_pb_text][\/et_pb_column][\/et_pb_row][\/et_pb_section][et_pb_section fb_built=\u00a0\u00bb1&Prime; custom_padding_last_edited=\u00a0\u00bbon|tablet\u00a0\u00bb admin_label=\u00a0\u00bbOPTIMA at a glance \u2013 Revolutionising oncology\u00a0\u00bb _builder_version=\u00a0\u00bb4.23.1&Prime; _module_preset=\u00a0\u00bbdefault\u00a0\u00bb custom_margin_tablet=\u00a0\u00bb\u00a0\u00bb custom_margin_phone=\u00a0\u00bb\u00a0\u00bb custom_margin_last_edited=\u00a0\u00bbon|tablet\u00a0\u00bb custom_padding_tablet=\u00a0\u00bb||0px||false|false\u00a0\u00bb custom_padding_phone=\u00a0\u00bb\u00a0\u00bb da_disable_devices=\u00a0\u00bboff|off|off\u00a0\u00bb saved_tabs=\u00a0\u00bball\u00a0\u00bb collapsed=\u00a0\u00bboff\u00a0\u00bb global_colors_info=\u00a0\u00bb{}\u00a0\u00bb da_is_popup=\u00a0\u00bboff\u00a0\u00bb da_exit_intent=\u00a0\u00bboff\u00a0\u00bb da_has_close=\u00a0\u00bbon\u00a0\u00bb da_alt_close=\u00a0\u00bboff\u00a0\u00bb da_dark_close=\u00a0\u00bboff\u00a0\u00bb da_not_modal=\u00a0\u00bbon\u00a0\u00bb da_is_singular=\u00a0\u00bboff\u00a0\u00bb da_with_loader=\u00a0\u00bboff\u00a0\u00bb da_has_shadow=\u00a0\u00bbon\u00a0\u00bb][et_pb_row _builder_version=\u00a0\u00bb4.16&Prime; _module_preset=\u00a0\u00bbdefault\u00a0\u00bb global_colors_info=\u00a0\u00bb{}\u00a0\u00bb][et_pb_column type=\u00a0\u00bb4_4&Prime; _builder_version=\u00a0\u00bb4.16&Prime; _module_preset=\u00a0\u00bbdefault\u00a0\u00bb global_colors_info=\u00a0\u00bb{}\u00a0\u00bb][et_pb_text _builder_version=\u00a0\u00bb4.23.1&Prime; _module_preset=\u00a0\u00bbdefault\u00a0\u00bb header_2_font=\u00a0\u00bb|700|||||||\u00a0\u00bb header_2_text_align=\u00a0\u00bbcenter\u00a0\u00bb header_2_line_height=\u00a0\u00bb120%\u00a0\u00bb global_colors_info=\u00a0\u00bb{}\u00a0\u00bb]<\/p>\n<h2>Fiches d\u2019information et vue d\u2019ensemble<\/h2>\n<p>[\/et_pb_text][\/et_pb_column][\/et_pb_row][et_pb_row _builder_version=\u00a0\u00bb4.16&Prime; _module_preset=\u00a0\u00bbdefault\u00a0\u00bb custom_padding=\u00a0\u00bb||45px||false|false\u00a0\u00bb global_colors_info=\u00a0\u00bb{}\u00a0\u00bb][et_pb_column type=\u00a0\u00bb4_4&Prime; _builder_version=\u00a0\u00bb4.16&Prime; _module_preset=\u00a0\u00bbdefault\u00a0\u00bb global_colors_info=\u00a0\u00bb{}\u00a0\u00bb][et_pb_text _builder_version=\u00a0\u00bb4.23.1&Prime; _module_preset=\u00a0\u00bbdefault\u00a0\u00bb header_2_line_height=\u00a0\u00bb120%\u00a0\u00bb header_3_font_size=\u00a0\u00bb26px\u00a0\u00bb header_3_line_height=\u00a0\u00bb1.2em\u00a0\u00bb hover_enabled=\u00a0\u00bb0&Prime; global_colors_info=\u00a0\u00bb{}\u00a0\u00bb sticky_enabled=\u00a0\u00bb0&Prime;]<\/p>\n<h3><strong>OPTIMA en un coup d&rsquo;\u0153il &#8211;<br \/>\nR\u00e9volutionner l&rsquo;oncologie<br \/>\n<\/strong><\/h3>\n<p>[\/et_pb_text][\/et_pb_column][\/et_pb_row][et_pb_row column_structure=\u00a0\u00bb1_2,1_2&Prime; _builder_version=\u00a0\u00bb4.16&Prime; _module_preset=\u00a0\u00bbdefault\u00a0\u00bb width=\u00a0\u00bb70%\u00a0\u00bb custom_margin=\u00a0\u00bb||||false|false\u00a0\u00bb custom_padding=\u00a0\u00bb0px||||false|false\u00a0\u00bb global_colors_info=\u00a0\u00bb{}\u00a0\u00bb][et_pb_column type=\u00a0\u00bb1_2&Prime; _builder_version=\u00a0\u00bb4.16&Prime; _module_preset=\u00a0\u00bbdefault\u00a0\u00bb global_colors_info=\u00a0\u00bb{}\u00a0\u00bb][et_pb_text _builder_version=\u00a0\u00bb4.23.1&Prime; _module_preset=\u00a0\u00bbdefault\u00a0\u00bb text_letter_spacing=\u00a0\u00bb0.02em\u00a0\u00bb text_line_height=\u00a0\u00bb150%\u00a0\u00bb custom_padding=\u00a0\u00bb||0px|||\u00a0\u00bb hover_enabled=\u00a0\u00bb0&Prime; text_font_size_tablet=\u00a0\u00bb14px\u00a0\u00bb text_font_size_phone=\u00a0\u00bb\u00a0\u00bb text_font_size_last_edited=\u00a0\u00bbon|tablet\u00a0\u00bb global_colors_info=\u00a0\u00bb{}\u00a0\u00bb sticky_enabled=\u00a0\u00bb0&Prime;]<\/p>\n<h4><span>Vue d&rsquo;ensemble<\/span><\/h4>\n<p>Le projet OPTIMA est un consortium dirig\u00e9 par de multiples parties prenantes dont l&rsquo;objectif est de <b>fournir<\/b> un acc\u00e8s \u00e0 des <b>traitements personnalis\u00e9s <\/b>de pointe et \u00e0 des th\u00e9rapies innovantes pour les patients* atteints de cancer du poumon, du sein et de la prostate.\u00a0<\/p>\n<p>L&rsquo;objectif principal est de concevoir et de fournir une <b>plateforme europ\u00e9enne de donn\u00e9es oncologiques <\/b>interop\u00e9rables et conformes \u00e0 la RGPD, adapt\u00e9e aux besoins des cliniciens et des patients afin d&rsquo;am\u00e9liorer la prise de d\u00e9cision partag\u00e9e.<\/p>\n<p>&nbsp;<\/p>\n<p>[\/et_pb_text][et_pb_text _builder_version=\u00a0\u00bb4.23.1&Prime; _module_preset=\u00a0\u00bbdefault\u00a0\u00bb text_letter_spacing=\u00a0\u00bb0.02em\u00a0\u00bb text_line_height=\u00a0\u00bb150%\u00a0\u00bb hover_enabled=\u00a0\u00bb0&Prime; text_font_size_tablet=\u00a0\u00bb14px\u00a0\u00bb text_font_size_phone=\u00a0\u00bb\u00a0\u00bb text_font_size_last_edited=\u00a0\u00bbon|tablet\u00a0\u00bb global_colors_info=\u00a0\u00bb{}\u00a0\u00bb sticky_enabled=\u00a0\u00bb0&Prime;]<\/p>\n<h4><span>Objectifs<\/span><\/h4>\n<p><b>Int\u00e9gration de donn\u00e9es r\u00e9elles :<\/b>\u202fRassembler et harmoniser des ensembles de donn\u00e9es structur\u00e9es et non structur\u00e9es \u00e0 grande \u00e9chelle dans le monde r\u00e9el, en combinant des informations provenant de diverses sources.\u00a0<\/p>\n<p><b>Aide \u00e0 la d\u00e9cision guid\u00e9e <\/b><b>par l&rsquo;Intelligence Artificielle (IA) :<\/b>\u202fD\u00e9velopper une plateforme s\u00e9curis\u00e9e et durable int\u00e9grant des outils d&rsquo;aide \u00e0 la d\u00e9cision pilot\u00e9s par l&rsquo;IA et align\u00e9s sur les derni\u00e8res directives de pratique clinique.\u00a0<\/p>\n<p><b>Hi\u00e9rarchisation des lignes directrices :<\/b>\u202fSe concentrer sur les cancers de la prostate, du sein et du poumon pour cr\u00e9er un outil d&rsquo;aide \u00e0 la d\u00e9cision \u00e9volutif et r\u00e9guli\u00e8rement mis \u00e0 jour.\u00a0<\/p>\n<p><b>Analyse avanc\u00e9e et mod\u00e8les d&rsquo;IA :<\/b>\u202fUtiliser l&rsquo;IA et l&rsquo;analyse avanc\u00e9e pour g\u00e9n\u00e9rer de nouvelles connaissances et de nouvelles perspectives afin d&rsquo;am\u00e9liorer les soins en canc\u00e9rologie.<\/p>\n<p>[\/et_pb_text][\/et_pb_column][et_pb_column type=\u00a0\u00bb1_2&Prime; _builder_version=\u00a0\u00bb4.16&Prime; _module_preset=\u00a0\u00bbdefault\u00a0\u00bb global_colors_info=\u00a0\u00bb{}\u00a0\u00bb][et_pb_text _builder_version=\u00a0\u00bb4.23.1&Prime; _module_preset=\u00a0\u00bbdefault\u00a0\u00bb text_letter_spacing=\u00a0\u00bb0.02em\u00a0\u00bb text_line_height=\u00a0\u00bb150%\u00a0\u00bb hover_enabled=\u00a0\u00bb0&Prime; text_font_size_tablet=\u00a0\u00bb14px\u00a0\u00bb text_font_size_phone=\u00a0\u00bb\u00a0\u00bb text_font_size_last_edited=\u00a0\u00bbon|tablet\u00a0\u00bb global_colors_info=\u00a0\u00bb{}\u00a0\u00bb sticky_enabled=\u00a0\u00bb0&Prime;]<\/p>\n<h4>Impact<\/h4>\n<p><b>Am\u00e9lioration des r\u00e9sultats pour les patients <\/b>gr\u00e2ce \u00e0 des traitements adapt\u00e9s et \u00e0 de nouvelles th\u00e9rapies.\u00a0<\/p>\n<p><b>Am\u00e9lioration de la prise de d\u00e9cision clinique <\/b>sur la base de preuves solides et du respect des lignes directrices.\u00a0<\/p>\n<p><b>Compr\u00e9hension<\/b> approfondie des issues <b>du cancer <\/b>et du bien-\u00eatre des patients gr\u00e2ce \u00e0 des analyses avanc\u00e9es.\u00a0<\/p>\n<p>Mise en place de mesures rigoureuses de <b>protection des donn\u00e9es<\/b> personnelles des patients.<\/p>\n<p>&nbsp;<\/p>\n<p>[\/et_pb_text][et_pb_text _builder_version=\u00a0\u00bb4.23.1&Prime; _module_preset=\u00a0\u00bbdefault\u00a0\u00bb text_letter_spacing=\u00a0\u00bb0.02em\u00a0\u00bb text_line_height=\u00a0\u00bb150%\u00a0\u00bb hover_enabled=\u00a0\u00bb0&Prime; text_font_size_tablet=\u00a0\u00bb14px\u00a0\u00bb text_font_size_phone=\u00a0\u00bb\u00a0\u00bb text_font_size_last_edited=\u00a0\u00bbon|tablet\u00a0\u00bb global_colors_info=\u00a0\u00bb{}\u00a0\u00bb sticky_enabled=\u00a0\u00bb0&Prime;]<\/p>\n<h4><span>Composants cl\u00e9s <\/span><\/h4>\n<p><b>Outil d&rsquo;aide \u00e0 la d\u00e9cision guid\u00e9 par l&rsquo;IA :<\/b>\u202fUn outil sophistiqu\u00e9 qui aide les cliniciens \u00e0 prendre des d\u00e9cisions fond\u00e9es sur des donn\u00e9es probantes en utilisant des lignes directrices actualis\u00e9es et des donn\u00e9es sp\u00e9cifiques au patient<b>.\u00a0<\/b><\/p>\n<p><b>Int\u00e9gration et harmonisation des donn\u00e9es :<\/b>\u202fDes processus robustes pour rassembler et normaliser des ensembles de donn\u00e9es du monde r\u00e9el provenant de sources multiples, garantissant l&rsquo;int\u00e9grit\u00e9 et la fiabilit\u00e9 des donn\u00e9es.\u00a0<\/p>\n<p><b>Conformit\u00e9 \u00e9thique et juridique :<\/b>\u202fRespect de toutes les normes juridiques et \u00e9thiques concernant la confidentialit\u00e9 des donn\u00e9es des patients et la conduite de la recherche<\/p>\n<p>[\/et_pb_text][\/et_pb_column][\/et_pb_row][et_pb_row _builder_version=\u00a0\u00bb4.16&Prime; _module_preset=\u00a0\u00bbdefault\u00a0\u00bb custom_padding=\u00a0\u00bb||45px||false|false\u00a0\u00bb global_colors_info=\u00a0\u00bb{}\u00a0\u00bb][et_pb_column type=\u00a0\u00bb4_4&Prime; _builder_version=\u00a0\u00bb4.16&Prime; _module_preset=\u00a0\u00bbdefault\u00a0\u00bb global_colors_info=\u00a0\u00bb{}\u00a0\u00bb][et_pb_text _builder_version=\u00a0\u00bb4.23.1&Prime; _module_preset=\u00a0\u00bbdefault\u00a0\u00bb header_2_line_height=\u00a0\u00bb120%\u00a0\u00bb header_3_font_size=\u00a0\u00bb26px\u00a0\u00bb header_3_line_height=\u00a0\u00bb1.2em\u00a0\u00bb hover_enabled=\u00a0\u00bb0&Prime; global_colors_info=\u00a0\u00bb{}\u00a0\u00bb width_last_edited=\u00a0\u00bbon|tablet\u00a0\u00bb width=\u00a0\u00bb50%\u00a0\u00bb sticky_enabled=\u00a0\u00bb0&Prime; width_tablet=\u00a0\u00bb100%\u00a0\u00bb width_phone=\u00a0\u00bb100%\u00a0\u00bb]<\/p>\n<h3><strong>Vue d&rsquo;ensemble d&rsquo;OPTIMA &#8211; \u00c9tablir de nouvelles normes dans la recherche sur le cancer<\/p>\n<p><\/strong><\/h3>\n<p>[\/et_pb_text][\/et_pb_column][\/et_pb_row][et_pb_row column_structure=\u00a0\u00bb1_2,1_2&Prime; _builder_version=\u00a0\u00bb4.16&Prime; _module_preset=\u00a0\u00bbdefault\u00a0\u00bb width=\u00a0\u00bb70%\u00a0\u00bb custom_margin=\u00a0\u00bb||||false|false\u00a0\u00bb custom_padding=\u00a0\u00bb0px||||false|false\u00a0\u00bb global_colors_info=\u00a0\u00bb{}\u00a0\u00bb][et_pb_column type=\u00a0\u00bb1_2&Prime; _builder_version=\u00a0\u00bb4.16&Prime; _module_preset=\u00a0\u00bbdefault\u00a0\u00bb global_colors_info=\u00a0\u00bb{}\u00a0\u00bb][et_pb_text _builder_version=\u00a0\u00bb4.23.1&Prime; _module_preset=\u00a0\u00bbdefault\u00a0\u00bb text_letter_spacing=\u00a0\u00bb0.02em\u00a0\u00bb text_line_height=\u00a0\u00bb150%\u00a0\u00bb custom_padding=\u00a0\u00bb||0px|||\u00a0\u00bb hover_enabled=\u00a0\u00bb0&Prime; text_font_size_tablet=\u00a0\u00bb14px\u00a0\u00bb text_font_size_phone=\u00a0\u00bb\u00a0\u00bb text_font_size_last_edited=\u00a0\u00bbon|tablet\u00a0\u00bb global_colors_info=\u00a0\u00bb{}\u00a0\u00bb sticky_enabled=\u00a0\u00bb0&Prime;]<\/p>\n<h4><span>Collaboration<\/span><\/h4>\n<p>Le projet OPTIMA encourage la collaboration entre les professionnels de la sant\u00e9, les chercheurs, les\u00a0groupes de d\u00e9fense\u00a0des droits des patients, les experts en technologie et l&rsquo;industrie pharmaceutique.<\/p>\n<p>Une approche <b>inclusive<\/b> et <b>durable<\/b> sous-tend les efforts du consortium pour obtenir des r\u00e9sultats de recherche significatifs.<\/p>\n<p>&nbsp;<\/p>\n<p>&nbsp;<\/p>\n<p>[\/et_pb_text][et_pb_image src=\u00a0\u00bbhttps:\/\/www.optima-oncology.eu\/wp-content\/uploads\/setting-new-standards-in-cancer-research.png\u00a0\u00bb alt=\u00a0\u00bbVue d\u2019ensemble d\u2019OPTIMA \u2013 \u00c9tablir de nouvelles normes dans la recherche sur le cancer\u00a0\u00bb title_text=\u00a0\u00bbOPTIMA Overview \u2013 Setting new standards in Cancer Research\u00a0\u00bb _builder_version=\u00a0\u00bb4.23.1&Prime; _module_preset=\u00a0\u00bbdefault\u00a0\u00bb global_colors_info=\u00a0\u00bb{}\u00a0\u00bb][\/et_pb_image][\/et_pb_column][et_pb_column type=\u00a0\u00bb1_2&Prime; _builder_version=\u00a0\u00bb4.16&Prime; _module_preset=\u00a0\u00bbdefault\u00a0\u00bb global_colors_info=\u00a0\u00bb{}\u00a0\u00bb][et_pb_text _builder_version=\u00a0\u00bb4.23.1&Prime; _module_preset=\u00a0\u00bbdefault\u00a0\u00bb text_letter_spacing=\u00a0\u00bb0.02em\u00a0\u00bb text_line_height=\u00a0\u00bb150%\u00a0\u00bb hover_enabled=\u00a0\u00bb0&Prime; text_font_size_tablet=\u00a0\u00bb14px\u00a0\u00bb text_font_size_phone=\u00a0\u00bb\u00a0\u00bb text_font_size_last_edited=\u00a0\u00bbon|tablet\u00a0\u00bb global_colors_info=\u00a0\u00bb{}\u00a0\u00bb sticky_enabled=\u00a0\u00bb0&Prime;]<\/p>\n<h4>Mise en \u0153uvre<\/h4>\n<p>La plateforme optima sera d\u00e9ploy\u00e9e dans des environnements cliniques, <b>apportant une aide concr\u00e8te <\/b>aux cliniciens et aux patients.<\/p>\n<p><b>L&rsquo;\u00e9valuation<\/b> et l&rsquo;optimisation <b>continues<\/b> garantiront l&rsquo;efficacit\u00e9 et la robustesse technique de la plateforme<\/p>\n<p>[\/et_pb_text][et_pb_text _builder_version=\u00a0\u00bb4.23.1&Prime; _module_preset=\u00a0\u00bbdefault\u00a0\u00bb text_letter_spacing=\u00a0\u00bb0.02em\u00a0\u00bb text_line_height=\u00a0\u00bb150%\u00a0\u00bb hover_enabled=\u00a0\u00bb0&Prime; text_font_size_tablet=\u00a0\u00bb14px\u00a0\u00bb text_font_size_phone=\u00a0\u00bb\u00a0\u00bb text_font_size_last_edited=\u00a0\u00bbon|tablet\u00a0\u00bb global_colors_info=\u00a0\u00bb{}\u00a0\u00bb sticky_enabled=\u00a0\u00bb0&Prime;]<\/p>\n<h4><span>Protection des donn\u00e9es<\/span><\/h4>\n<p>La confidentialit\u00e9 des donn\u00e9es des patients et le respect de la vie priv\u00e9e seront rigoureusement maintenus, conform\u00e9ment aux r\u00e8gles et <b>r\u00e9glementations strictes <\/b>en mati\u00e8re de protection <b>des donn\u00e9es<\/b>.<\/p>\n<p>[\/et_pb_text][et_pb_text _builder_version=\u00a0\u00bb4.23.1&Prime; _module_preset=\u00a0\u00bbdefault\u00a0\u00bb text_letter_spacing=\u00a0\u00bb0.02em\u00a0\u00bb text_line_height=\u00a0\u00bb150%\u00a0\u00bb hover_enabled=\u00a0\u00bb0&Prime; text_font_size_tablet=\u00a0\u00bb14px\u00a0\u00bb text_font_size_phone=\u00a0\u00bb\u00a0\u00bb text_font_size_last_edited=\u00a0\u00bbon|tablet\u00a0\u00bb global_colors_info=\u00a0\u00bb{}\u00a0\u00bb sticky_enabled=\u00a0\u00bb0&Prime;]<\/p>\n<h4><span>Conclusion<\/span><\/h4>\n<p>Le projet OPTIMA est un projet collaboratif destin\u00e9 \u00e0 <b>r\u00e9volutionner les <\/b><b>soins en canc\u00e9rologie gr\u00e2ce <\/b>\u00e0 des approches avanc\u00e9es bas\u00e9es sur les donn\u00e9es et \u00e0 une <b>aide \u00e0 la d\u00e9cision guid\u00e9e par l&rsquo;IA.<\/b><\/p>\n<p>En int\u00e9grant des <b>donn\u00e9es du monde r\u00e9el<\/b>, en donnant la priorit\u00e9 au respect des lignes directrices et en exploitant des technologies de pointe, le projet vise \u00e0 influencer de mani\u00e8re significative les traitements <b>personnalis\u00e9s<\/b> du <b>cancer<\/b> et la <b>prise de d\u00e9cision <\/b>partag\u00e9e, ce qui permettra d&rsquo;am\u00e9liorer les r\u00e9sultats et le bien-\u00eatre des patients.<\/p>\n<p>[\/et_pb_text][\/et_pb_column][\/et_pb_row][et_pb_row _builder_version=\u00a0\u00bb4.23.1&Prime; _module_preset=\u00a0\u00bbdefault\u00a0\u00bb global_colors_info=\u00a0\u00bb{}\u00a0\u00bb][et_pb_column type=\u00a0\u00bb4_4&Prime; _builder_version=\u00a0\u00bb4.23.1&Prime; _module_preset=\u00a0\u00bbdefault\u00a0\u00bb global_colors_info=\u00a0\u00bb{}\u00a0\u00bb][et_pb_button button_url=\u00a0\u00bbhttps:\/\/www.optima-oncology.eu\/wp-content\/uploads\/optima-at-a-glance-revolutionising-oncology.pdf\u00a0\u00bb url_new_window=\u00a0\u00bbon\u00a0\u00bb button_text=\u00a0\u00bbT\u00e9l\u00e9charger cette fiche d&rsquo;information (PDF)\u00a0\u00bb _builder_version=\u00a0\u00bb4.23.1&Prime; _module_preset=\u00a0\u00bbdefault\u00a0\u00bb hover_enabled=\u00a0\u00bb0&Prime; global_colors_info=\u00a0\u00bb{}\u00a0\u00bb sticky_enabled=\u00a0\u00bb0&Prime;][\/et_pb_button][\/et_pb_column][\/et_pb_row][\/et_pb_section]<\/p>\n","protected":false},"excerpt":{"rendered":"<p>La vision de donner acc\u00e8s \u00e0 des traitements personnalis\u00e9s de pointe et \u00e0 des th\u00e9rapies innovantes pour les patients atteints de cancer du poumon, du sein et de la prostate<\/p>\n","protected":false},"author":1,"featured_media":4249,"parent":0,"menu_order":10,"comment_status":"closed","ping_status":"closed","template":"","meta":{"_et_pb_use_builder":"on","_et_pb_old_content":"","_et_gb_content_width":"","footnotes":"","_links_to":"","_links_to_target":""},"class_list":["post-8149","page","type-page","status-publish","has-post-thumbnail","hentry"],"aioseo_notices":[],"_links":{"self":[{"href":"https:\/\/www.optima-oncology.eu\/fr\/wp-json\/wp\/v2\/pages\/8149","targetHints":{"allow":["GET"]}}],"collection":[{"href":"https:\/\/www.optima-oncology.eu\/fr\/wp-json\/wp\/v2\/pages"}],"about":[{"href":"https:\/\/www.optima-oncology.eu\/fr\/wp-json\/wp\/v2\/types\/page"}],"author":[{"embeddable":true,"href":"https:\/\/www.optima-oncology.eu\/fr\/wp-json\/wp\/v2\/users\/1"}],"replies":[{"embeddable":true,"href":"https:\/\/www.optima-oncology.eu\/fr\/wp-json\/wp\/v2\/comments?post=8149"}],"version-history":[{"count":2,"href":"https:\/\/www.optima-oncology.eu\/fr\/wp-json\/wp\/v2\/pages\/8149\/revisions"}],"predecessor-version":[{"id":8157,"href":"https:\/\/www.optima-oncology.eu\/fr\/wp-json\/wp\/v2\/pages\/8149\/revisions\/8157"}],"wp:featuredmedia":[{"embeddable":true,"href":"https:\/\/www.optima-oncology.eu\/fr\/wp-json\/wp\/v2\/media\/4249"}],"wp:attachment":[{"href":"https:\/\/www.optima-oncology.eu\/fr\/wp-json\/wp\/v2\/media?parent=8149"}],"curies":[{"name":"wp","href":"https:\/\/api.w.org\/{rel}","templated":true}]}}