{"id":8278,"date":"2024-04-04T07:37:06","date_gmt":"2024-04-04T06:37:06","guid":{"rendered":"https:\/\/www.optima-oncology.eu\/resultados-explicacion-de-la-inteligencia-artificial-ia\/"},"modified":"2024-04-05T06:37:07","modified_gmt":"2024-04-05T05:37:07","slug":"resultados-explicacion-de-la-inteligencia-artificial-ia","status":"publish","type":"page","link":"https:\/\/www.optima-oncology.eu\/es\/resultados-explicacion-de-la-inteligencia-artificial-ia\/","title":{"rendered":"Resultados &#8211; Explicaci\u00f3n de la Inteligencia Artificial (IA)"},"content":{"rendered":"<p>[et_pb_section fb_built=\u00bb1&#8243; admin_label=\u00bbHeader  \u00bb module_id=\u00bbsection001bgs\u00bb _builder_version=\u00bb4.23.1&#8243; _module_preset=\u00bbdefault\u00bb background_image=\u00bbhttps:\/\/www.optima-oncology.eu\/wp-content\/uploads\/bg-ellipse-wp-section-001.svg\u00bb background_size=\u00bbinitial\u00bb background_position=\u00bbcenter_left\u00bb min_height=\u00bb440px\u00bb min_height_tablet=\u00bb355px\u00bb min_height_phone=\u00bb\u00bb min_height_last_edited=\u00bbon|tablet\u00bb height=\u00bb440px\u00bb height_tablet=\u00bb355px\u00bb height_phone=\u00bb\u00bb height_last_edited=\u00bbon|tablet\u00bb max_height_tablet=\u00bb355px\u00bb max_height_phone=\u00bb\u00bb max_height_last_edited=\u00bbon|tablet\u00bb custom_padding=\u00bb||12px|||\u00bb da_popup_slug=\u00bbsection001bgs\u00bb da_disable_devices=\u00bboff|off|off\u00bb global_colors_info=\u00bb{}\u00bb da_is_popup=\u00bboff\u00bb da_exit_intent=\u00bboff\u00bb da_has_close=\u00bbon\u00bb da_alt_close=\u00bboff\u00bb da_dark_close=\u00bboff\u00bb da_not_modal=\u00bbon\u00bb da_is_singular=\u00bboff\u00bb da_with_loader=\u00bboff\u00bb da_has_shadow=\u00bbon\u00bb][et_pb_row _builder_version=\u00bb4.16&#8243; _module_preset=\u00bbdefault\u00bb width=\u00bb70%\u00bb custom_margin=\u00bb||||false|false\u00bb custom_margin_tablet=\u00bb||60px||false|false\u00bb custom_margin_phone=\u00bb||60px||false|false\u00bb custom_margin_last_edited=\u00bbon|tablet\u00bb global_colors_info=\u00bb{}\u00bb][et_pb_column type=\u00bb4_4&#8243; _builder_version=\u00bb4.16&#8243; _module_preset=\u00bbdefault\u00bb global_colors_info=\u00bb{}\u00bb][et_pb_text module_class=\u00bbh1bug\u00bb _builder_version=\u00bb4.23.1&#8243; _module_preset=\u00bbdefault\u00bb header_font=\u00bb|800|||||||\u00bb header_font_size=\u00bb58px\u00bb header_line_height=\u00bb1.2em\u00bb header_4_line_height=\u00bb1.3em\u00bb custom_margin=\u00bb28px||||false|false\u00bb header_font_size_tablet=\u00bb24px\u00bb header_font_size_phone=\u00bb\u00bb header_font_size_last_edited=\u00bbon|tablet\u00bb global_colors_info=\u00bb{}\u00bb]<\/p>\n<h1>Resultados<\/h1>\n<p>[\/et_pb_text][\/et_pb_column][\/et_pb_row][\/et_pb_section][et_pb_section fb_built=\u00bb1&#8243; custom_padding_last_edited=\u00bbon|tablet\u00bb admin_label=\u00bbOverview \u2013  for Patients\u00bb _builder_version=\u00bb4.23.1&#8243; _module_preset=\u00bbdefault\u00bb custom_margin_tablet=\u00bb\u00bb custom_margin_phone=\u00bb\u00bb custom_margin_last_edited=\u00bbon|tablet\u00bb custom_padding_tablet=\u00bb||0px||false|false\u00bb custom_padding_phone=\u00bb\u00bb da_disable_devices=\u00bboff|off|off\u00bb saved_tabs=\u00bball\u00bb collapsed=\u00bboff\u00bb global_colors_info=\u00bb{}\u00bb da_is_popup=\u00bboff\u00bb da_exit_intent=\u00bboff\u00bb da_has_close=\u00bbon\u00bb da_alt_close=\u00bboff\u00bb da_dark_close=\u00bboff\u00bb da_not_modal=\u00bbon\u00bb da_is_singular=\u00bboff\u00bb da_with_loader=\u00bboff\u00bb da_has_shadow=\u00bbon\u00bb][et_pb_row _builder_version=\u00bb4.16&#8243; _module_preset=\u00bbdefault\u00bb global_colors_info=\u00bb{}\u00bb][et_pb_column type=\u00bb4_4&#8243; _builder_version=\u00bb4.16&#8243; _module_preset=\u00bbdefault\u00bb global_colors_info=\u00bb{}\u00bb][et_pb_text _builder_version=\u00bb4.23.1&#8243; _module_preset=\u00bbdefault\u00bb header_2_font=\u00bb|700|||||||\u00bb header_2_text_align=\u00bbcenter\u00bb header_2_line_height=\u00bb120%\u00bb header_4_line_height=\u00bb1.3em\u00bb global_colors_info=\u00bb{}\u00bb]<\/p>\n<h2>Hojas informativas y descripci\u00f3n general<\/h2>\n<p>[\/et_pb_text][\/et_pb_column][\/et_pb_row][et_pb_row _builder_version=\u00bb4.16&#8243; _module_preset=\u00bbdefault\u00bb custom_padding=\u00bb||45px||false|false\u00bb global_colors_info=\u00bb{}\u00bb][et_pb_column type=\u00bb4_4&#8243; _builder_version=\u00bb4.16&#8243; _module_preset=\u00bbdefault\u00bb global_colors_info=\u00bb{}\u00bb][et_pb_text _builder_version=\u00bb4.23.1&#8243; _module_preset=\u00bbdefault\u00bb header_2_line_height=\u00bb120%\u00bb header_3_font_size=\u00bb26px\u00bb header_3_line_height=\u00bb1.2em\u00bb header_4_line_height=\u00bb1.3em\u00bb hover_enabled=\u00bb0&#8243; global_colors_info=\u00bb{}\u00bb sticky_enabled=\u00bb0&#8243;]<\/p>\n<h3><strong>OPTIMA <br \/>Explicaci\u00f3n de la Inteligencia Artificial (IA)<br \/><\/strong><\/h3>\n<p>[\/et_pb_text][\/et_pb_column][\/et_pb_row][et_pb_row column_structure=\u00bb1_2,1_2&#8243; _builder_version=\u00bb4.23.1&#8243; _module_preset=\u00bbdefault\u00bb width=\u00bb70%\u00bb custom_margin=\u00bb||||false|false\u00bb custom_padding=\u00bb0px||60px||false|false\u00bb global_colors_info=\u00bb{}\u00bb][et_pb_column type=\u00bb1_2&#8243; _builder_version=\u00bb4.16&#8243; _module_preset=\u00bbdefault\u00bb global_colors_info=\u00bb{}\u00bb][et_pb_text _builder_version=\u00bb4.23.1&#8243; _module_preset=\u00bbdefault\u00bb text_letter_spacing=\u00bb0.02em\u00bb text_line_height=\u00bb150%\u00bb header_4_line_height=\u00bb1.3em\u00bb text_font_size_tablet=\u00bb14px\u00bb text_font_size_phone=\u00bb\u00bb text_font_size_last_edited=\u00bbon|tablet\u00bb global_colors_info=\u00bb{}\u00bb]<\/p>\n<h4><span>Resumen<\/span><\/h4>\n<p>El proyecto OPTIMA es una iniciativa de colaboraci\u00f3n destinada a mejorar la atenci\u00f3n oncol\u00f3gica mediante la integraci\u00f3n de tecnolog\u00edas de Inteligencia Artificial (IA). El proyecto se centra en los tratamientos personalizados y las terapias innovadoras, haciendo hincapi\u00e9 en el fortalecimiento de la toma de decisiones compartida entre m\u00e9dicos y pacientes*.<\/p>\n<p>[\/et_pb_text][et_pb_text _builder_version=\u00bb4.23.1&#8243; _module_preset=\u00bbdefault\u00bb text_letter_spacing=\u00bb0.02em\u00bb text_line_height=\u00bb150%\u00bb header_4_line_height=\u00bb1.3em\u00bb text_font_size_tablet=\u00bb14px\u00bb text_font_size_phone=\u00bb\u00bb text_font_size_last_edited=\u00bbon|tablet\u00bb global_colors_info=\u00bb{}\u00bb]<\/p>\n<h4><span>Objetivos<\/span><\/h4>\n<p><b>Apoyo a las decisiones cl\u00ednicas: <\/b>Desarrollar una plataforma de apoyo a la toma de decisiones basada en directrices e interpretable por ordenador, que ayude a los m\u00e9dicos a tomar decisiones terap\u00e9uticas basadas en ensayos.<\/p>\n<p><b>Generaci\u00f3n de conocimiento AI:\u00a0 <\/b>Utilizar la IA <br \/>y la anal\u00edtica avanzada en datos del mundo real para generar nuevos conocimientos y percepciones que permitan mejorar las estrategias de atenci\u00f3n oncol\u00f3gica.<\/p>\n<p>&nbsp;<\/p>\n<p>[\/et_pb_text][\/et_pb_column][et_pb_column type=\u00bb1_2&#8243; _builder_version=\u00bb4.16&#8243; _module_preset=\u00bbdefault\u00bb global_colors_info=\u00bb{}\u00bb][et_pb_image src=\u00bbhttps:\/\/www.optima-oncology.eu\/wp-content\/uploads\/ai.jpg\u00bb alt=\u00bbIA\u00bb title_text=\u00bbAI\u00bb module_class=\u00bbimagewithborder\u00bb _builder_version=\u00bb4.23.1&#8243; _module_preset=\u00bbdefault\u00bb custom_padding=\u00bb||||true|true\u00bb border_radii=\u00bbon|20px|20px|20px|20px\u00bb box_shadow_style=\u00bbpreset1&#8243; global_colors_info=\u00bb{}\u00bb][\/et_pb_image][\/et_pb_column][\/et_pb_row][et_pb_row column_structure=\u00bb1_2,1_2&#8243; _builder_version=\u00bb4.23.1&#8243; _module_preset=\u00bbdefault\u00bb width=\u00bb70%\u00bb custom_margin=\u00bb||||false|false\u00bb custom_padding=\u00bb40px||60px||false|false\u00bb global_colors_info=\u00bb{}\u00bb][et_pb_column type=\u00bb1_2&#8243; _builder_version=\u00bb4.16&#8243; _module_preset=\u00bbdefault\u00bb global_colors_info=\u00bb{}\u00bb][et_pb_text _builder_version=\u00bb4.23.1&#8243; _module_preset=\u00bbdefault\u00bb text_letter_spacing=\u00bb0.02em\u00bb text_line_height=\u00bb150%\u00bb header_4_line_height=\u00bb1.3em\u00bb text_font_size_tablet=\u00bb14px\u00bb text_font_size_phone=\u00bb\u00bb text_font_size_last_edited=\u00bbon|tablet\u00bb global_colors_info=\u00bb{}\u00bb]<\/p>\n<h4><span>Aplicaciones de la IA en la atenci\u00f3n oncol\u00f3gica<\/span><\/h4>\n<p>El proyecto OPTIMA explora diversas aplicaciones de la IA, entre ellas:<\/p>\n<p><b>Im\u00e1genes: <\/b>La IA ha revolucionado el an\u00e1lisis de im\u00e1genes en el desarrollo de biomarcadores de imagen para mejorar y apoyar la toma de decisiones en los tratamientos de diagn\u00f3stico y respuesta y procesos de optimizaci\u00f3n.<\/p>\n<p><b>Datos de las Historias Cl\u00ednicas Electr\u00f3nicas (HCE): <\/b>La IA ha demostrado su valor en el an\u00e1lisis de datos de HCE, que es una de las principales modalidades de datos para rastrear y comprender mejor el historial cl\u00ednico del c\u00e1ncer.<\/p>\n<p><b>Procesamiento del Lenguaje Natural (PLN): <br \/><\/b>El PNL se utiliza para analizar las HCE de la Observational Medical Outcomes Partnership (OMOP) y evaluar el cumplimiento de las directrices cl\u00ednicas.<\/p>\n<p>Se pueden abordar varias tareas con IA sobre los datos mencionados, como:<\/p>\n<p><b>Clasificaci\u00f3n: <\/b>La clasificaci\u00f3n implica un modelo que pretende predecir la catalogaci\u00f3n correcta de unos datos de entrada dados, como realizar un reconocimiento de patrones para mejorar el diagn\u00f3stico precoz o identificar subgrupos de pacientes con diferentes caracter\u00edsticas de la enfermedad.<\/p>\n<p>[\/et_pb_text][\/et_pb_column][et_pb_column type=\u00bb1_2&#8243; _builder_version=\u00bb4.16&#8243; _module_preset=\u00bbdefault\u00bb global_colors_info=\u00bb{}\u00bb][et_pb_text _builder_version=\u00bb4.23.1&#8243; _module_preset=\u00bbdefault\u00bb text_letter_spacing=\u00bb0.02em\u00bb text_line_height=\u00bb150%\u00bb header_4_line_height=\u00bb1.3em\u00bb custom_margin=\u00bb22px||||false|false\u00bb text_font_size_tablet=\u00bb14px\u00bb text_font_size_phone=\u00bb\u00bb text_font_size_last_edited=\u00bbon|tablet\u00bb global_colors_info=\u00bb{}\u00bb]<\/p>\n<p><b>Regresi\u00f3n: <\/b>La regresi\u00f3n se refiere al proceso de extracci\u00f3n de caracter\u00edsticas medibles a partir de datos no estructurados, por ejemplo, el c\u00e1lculo de la puntuaci\u00f3n de Gleason a partir de im\u00e1genes m\u00e9dicas.<\/p>\n<p><b>Agrupaci\u00f3n: <\/b>La agrupaci\u00f3n consiste en identificar similitudes entre grupos de datos, como la agrupaci\u00f3n de individuos en funci\u00f3n de su riesgo gen\u00e9tico y los resultados de sus pruebas de detecci\u00f3n.<\/p>\n<p><b>Predicci\u00f3n: <\/b>La predicci\u00f3n implica pronosticar diversos aspectos de la atenci\u00f3n al paciente, como determinar la secuencia o combinaci\u00f3n de tratamientos adecuada, predecir la incidencia de la enfermedad y estimar las tasas de supervivencia.<\/p>\n<p><b>Multimodalidad: <\/b>La multimodalidad hace referencia a la combinaci\u00f3n e integraci\u00f3n de diversas fuentes de datos, como im\u00e1genes m\u00e9dicas, datos \u00f3micos, HCE, datos OMOP, etc.\u00a0<\/p>\n<p><b>Inferencia causal: <\/b>La inferencia causal es el proceso de identificar relaciones causa-efecto en los datos. En el contexto del proyecto OPTIMA, puede utilizarse para la gesti\u00f3n de terapias y la evaluaci\u00f3n de la calidad de vida de los pacientes para entender c\u00f3mo repercuten los tratamientos en su bienestar.<\/p>\n<p>[\/et_pb_text][\/et_pb_column][\/et_pb_row][et_pb_row column_structure=\u00bb1_2,1_2&#8243; _builder_version=\u00bb4.23.1&#8243; _module_preset=\u00bbdefault\u00bb width=\u00bb70%\u00bb custom_margin=\u00bb||||false|false\u00bb custom_padding=\u00bb40px||60px||false|false\u00bb global_colors_info=\u00bb{}\u00bb][et_pb_column type=\u00bb1_2&#8243; _builder_version=\u00bb4.16&#8243; _module_preset=\u00bbdefault\u00bb global_colors_info=\u00bb{}\u00bb][et_pb_text _builder_version=\u00bb4.23.1&#8243; _module_preset=\u00bbdefault\u00bb text_letter_spacing=\u00bb0.02em\u00bb text_line_height=\u00bb150%\u00bb header_4_line_height=\u00bb1.3em\u00bb text_font_size_tablet=\u00bb14px\u00bb text_font_size_phone=\u00bb\u00bb text_font_size_last_edited=\u00bbon|tablet\u00bb global_colors_info=\u00bb{}\u00bb]<\/p>\n<h4><span>Protecci\u00f3n de datos y privacidad<\/span><\/h4>\n<p>OPTIMA hace especial hincapi\u00e9 en la privacidad de los datos y el cumplimiento de las normas \u00e9ticas. Los datos personales de los pacientes se tratan con la m\u00e1xima confidencialidad, y todas las actividades cumplen la normativa legal y las directrices \u00e9ticas para garantizar la privacidad de los pacientes y la protecci\u00f3n de datos.<\/p>\n<p>[\/et_pb_text][et_pb_text _builder_version=\u00bb4.23.1&#8243; _module_preset=\u00bbdefault\u00bb text_letter_spacing=\u00bb0.02em\u00bb text_line_height=\u00bb150%\u00bb header_4_line_height=\u00bb1.3em\u00bb text_font_size_tablet=\u00bb14px\u00bb text_font_size_phone=\u00bb\u00bb text_font_size_last_edited=\u00bbon|tablet\u00bb global_colors_info=\u00bb{}\u00bb]<\/p>\n<h4><span>Flujos de trabajo digitalizados y aprendizaje federado <\/span><\/h4>\n<p>Para hacer operativa la IA en entornos cl\u00ednicos, el proyecto OPTIMA pretende digitalizar los flujos de trabajo incorporando directrices y preguntas de investigaci\u00f3n interpretables por ordenador. El aprendizaje federado permite entrenar colectivamente modelos de IA en varios centros sin compartir datos brutos, preservando la privacidad de los datos y la reducci\u00f3n de sesgos estad\u00edsticos.<\/p>\n<p>[\/et_pb_text][\/et_pb_column][et_pb_column type=\u00bb1_2&#8243; _builder_version=\u00bb4.16&#8243; _module_preset=\u00bbdefault\u00bb global_colors_info=\u00bb{}\u00bb][et_pb_text _builder_version=\u00bb4.23.1&#8243; _module_preset=\u00bbdefault\u00bb text_letter_spacing=\u00bb0.02em\u00bb text_line_height=\u00bb150%\u00bb header_4_line_height=\u00bb1.3em\u00bb text_font_size_tablet=\u00bb14px\u00bb text_font_size_phone=\u00bb\u00bb text_font_size_last_edited=\u00bbon|tablet\u00bb global_colors_info=\u00bb{}\u00bb]<\/p>\n<h4><span>Aspectos \u00e9ticos y jur\u00eddicos<\/span><\/h4>\n<p>OPTIMA da prioridad a las consideraciones \u00e9ticas, garantizando el tratamiento conforme y \u00e9tico de los datos de los pacientes dentro del proyecto. Se realizan esfuerzos para abordar la explicabilidad de los modelos de IA y los posibles sesgos, enfatizando en la transparencia y la equidad en la toma de decisiones basada en la IA.<\/p>\n<p>[\/et_pb_text][et_pb_text _builder_version=\u00bb4.23.1&#8243; _module_preset=\u00bbdefault\u00bb text_letter_spacing=\u00bb0.02em\u00bb text_line_height=\u00bb150%\u00bb header_4_line_height=\u00bb1.3em\u00bb text_font_size_tablet=\u00bb14px\u00bb text_font_size_phone=\u00bb\u00bb text_font_size_last_edited=\u00bbon|tablet\u00bb global_colors_info=\u00bb{}\u00bb]<\/p>\n<h4><span>Limitaciones de la IA en la sanidad<\/span><\/h4>\n<p>Los sistemas de IA pueden aprender y comprender la forma de los datos, pero no pueden atribuirles un significado sem\u00e1ntico. Aunque pueden identificar patrones, carecen de la capacidad de comprender los conceptos subyacentes. Esta limitaci\u00f3n implica que la IA puede detectar datos m\u00e9dicos espec\u00edficos asociados a determinadas condiciones (por ejemplo, identificar el c\u00e1ncer en im\u00e1genes m\u00e9dicas), pero no puede comprender plenamente los conceptos m\u00e9dicos que se ocultan detr\u00e1s de los datos (por ejemplo, la importancia del c\u00e1ncer en el contexto de la salud general de un paciente).<\/p>\n<p>[\/et_pb_text][\/et_pb_column][\/et_pb_row][et_pb_row _builder_version=\u00bb4.23.1&#8243; _module_preset=\u00bbdefault\u00bb custom_padding=\u00bb94px|||||\u00bb global_colors_info=\u00bb{}\u00bb][et_pb_column type=\u00bb4_4&#8243; _builder_version=\u00bb4.23.1&#8243; _module_preset=\u00bbdefault\u00bb global_colors_info=\u00bb{}\u00bb][et_pb_button button_url=\u00bbhttps:\/\/www.optima-oncology.eu\/wp-content\/uploads\/factsheet_AI_Explainer_OPTIMA_ESP_FINAL.pdf\u00bb url_new_window=\u00bbon\u00bb button_text=\u00bbDescargar esta ficha informativa (PDF)\u00bb _builder_version=\u00bb4.23.1&#8243; _module_preset=\u00bbdefault\u00bb global_colors_info=\u00bb{}\u00bb][\/et_pb_button][\/et_pb_column][\/et_pb_row][\/et_pb_section]<\/p>\n","protected":false},"excerpt":{"rendered":"<p>El proyecto OPTIMA es una iniciativa de colaboraci\u00f3n destinada a mejorar la atenci\u00f3n oncol\u00f3gica mediante la integraci\u00f3n de tecnolog\u00edas de Inteligencia Artificial (IA)<\/p>\n","protected":false},"author":1,"featured_media":4251,"parent":0,"menu_order":10,"comment_status":"closed","ping_status":"closed","template":"","meta":{"_et_pb_use_builder":"on","_et_pb_old_content":"","_et_gb_content_width":"","footnotes":"","_links_to":"","_links_to_target":""},"class_list":["post-8278","page","type-page","status-publish","has-post-thumbnail","hentry"],"aioseo_notices":[],"_links":{"self":[{"href":"https:\/\/www.optima-oncology.eu\/es\/wp-json\/wp\/v2\/pages\/8278","targetHints":{"allow":["GET"]}}],"collection":[{"href":"https:\/\/www.optima-oncology.eu\/es\/wp-json\/wp\/v2\/pages"}],"about":[{"href":"https:\/\/www.optima-oncology.eu\/es\/wp-json\/wp\/v2\/types\/page"}],"author":[{"embeddable":true,"href":"https:\/\/www.optima-oncology.eu\/es\/wp-json\/wp\/v2\/users\/1"}],"replies":[{"embeddable":true,"href":"https:\/\/www.optima-oncology.eu\/es\/wp-json\/wp\/v2\/comments?post=8278"}],"version-history":[{"count":7,"href":"https:\/\/www.optima-oncology.eu\/es\/wp-json\/wp\/v2\/pages\/8278\/revisions"}],"predecessor-version":[{"id":8321,"href":"https:\/\/www.optima-oncology.eu\/es\/wp-json\/wp\/v2\/pages\/8278\/revisions\/8321"}],"wp:featuredmedia":[{"embeddable":true,"href":"https:\/\/www.optima-oncology.eu\/es\/wp-json\/wp\/v2\/media\/4251"}],"wp:attachment":[{"href":"https:\/\/www.optima-oncology.eu\/es\/wp-json\/wp\/v2\/media?parent=8278"}],"curies":[{"name":"wp","href":"https:\/\/api.w.org\/{rel}","templated":true}]}}