{"id":8142,"date":"2024-03-20T06:13:38","date_gmt":"2024-03-20T06:13:38","guid":{"rendered":"https:\/\/www.optima-oncology.eu\/resultados-optima-de-un-vistazo-revolucionando-la-oncologia\/"},"modified":"2024-04-02T09:25:52","modified_gmt":"2024-04-02T08:25:52","slug":"resultados-optima-de-un-vistazo-revolucionando-la-oncologia","status":"publish","type":"page","link":"https:\/\/www.optima-oncology.eu\/es\/resultados-optima-de-un-vistazo-revolucionando-la-oncologia\/","title":{"rendered":"Resultados &#8211; OPTIMA de un vistazo: revolucionando la oncolog\u00eda"},"content":{"rendered":"<p>[et_pb_section fb_built=\u00bb1&#8243; admin_label=\u00bbHeader   \u00bb module_id=\u00bbsection001bgs\u00bb _builder_version=\u00bb4.23.1&#8243; _module_preset=\u00bbdefault\u00bb background_image=\u00bbhttps:\/\/www.optima-oncology.eu\/wp-content\/uploads\/bg-ellipse-wp-section-001.svg\u00bb background_size=\u00bbinitial\u00bb background_position=\u00bbcenter_left\u00bb min_height=\u00bb440px\u00bb min_height_tablet=\u00bb355px\u00bb min_height_phone=\u00bb\u00bb min_height_last_edited=\u00bbon|tablet\u00bb height=\u00bb440px\u00bb height_tablet=\u00bb355px\u00bb height_phone=\u00bb\u00bb height_last_edited=\u00bbon|tablet\u00bb max_height_tablet=\u00bb355px\u00bb max_height_phone=\u00bb\u00bb max_height_last_edited=\u00bbon|tablet\u00bb custom_padding=\u00bb||12px|||\u00bb da_popup_slug=\u00bbsection001bgs\u00bb da_disable_devices=\u00bboff|off|off\u00bb global_colors_info=\u00bb{}\u00bb da_is_popup=\u00bboff\u00bb da_exit_intent=\u00bboff\u00bb da_has_close=\u00bbon\u00bb da_alt_close=\u00bboff\u00bb da_dark_close=\u00bboff\u00bb da_not_modal=\u00bbon\u00bb da_is_singular=\u00bboff\u00bb da_with_loader=\u00bboff\u00bb da_has_shadow=\u00bbon\u00bb][et_pb_row _builder_version=\u00bb4.16&#8243; _module_preset=\u00bbdefault\u00bb width=\u00bb70%\u00bb custom_margin=\u00bb||||false|false\u00bb custom_margin_tablet=\u00bb||60px||false|false\u00bb custom_margin_phone=\u00bb||60px||false|false\u00bb custom_margin_last_edited=\u00bbon|tablet\u00bb global_colors_info=\u00bb{}\u00bb][et_pb_column type=\u00bb4_4&#8243; _builder_version=\u00bb4.16&#8243; _module_preset=\u00bbdefault\u00bb global_colors_info=\u00bb{}\u00bb][et_pb_text module_class=\u00bbh1bug\u00bb _builder_version=\u00bb4.23.1&#8243; _module_preset=\u00bbdefault\u00bb header_font=\u00bb|800|||||||\u00bb header_font_size=\u00bb58px\u00bb header_line_height=\u00bb1.2em\u00bb custom_margin=\u00bb28px||||false|false\u00bb hover_enabled=\u00bb0&#8243; header_font_size_tablet=\u00bb24px\u00bb header_font_size_phone=\u00bb\u00bb header_font_size_last_edited=\u00bbon|tablet\u00bb global_colors_info=\u00bb{}\u00bb sticky_enabled=\u00bb0&#8243;]<\/p>\n<h1>Resultados<\/h1>\n<p>[\/et_pb_text][\/et_pb_column][\/et_pb_row][\/et_pb_section][et_pb_section fb_built=\u00bb1&#8243; custom_padding_last_edited=\u00bbon|tablet\u00bb admin_label=\u00bbOPTIMA at a glance \u2013 Revolutionising oncology\u00bb _builder_version=\u00bb4.23.1&#8243; _module_preset=\u00bbdefault\u00bb custom_margin_tablet=\u00bb\u00bb custom_margin_phone=\u00bb\u00bb custom_margin_last_edited=\u00bbon|tablet\u00bb custom_padding_tablet=\u00bb||0px||false|false\u00bb custom_padding_phone=\u00bb\u00bb da_disable_devices=\u00bboff|off|off\u00bb saved_tabs=\u00bball\u00bb collapsed=\u00bboff\u00bb global_colors_info=\u00bb{}\u00bb da_is_popup=\u00bboff\u00bb da_exit_intent=\u00bboff\u00bb da_has_close=\u00bbon\u00bb da_alt_close=\u00bboff\u00bb da_dark_close=\u00bboff\u00bb da_not_modal=\u00bbon\u00bb da_is_singular=\u00bboff\u00bb da_with_loader=\u00bboff\u00bb da_has_shadow=\u00bbon\u00bb][et_pb_row _builder_version=\u00bb4.16&#8243; _module_preset=\u00bbdefault\u00bb global_colors_info=\u00bb{}\u00bb][et_pb_column type=\u00bb4_4&#8243; _builder_version=\u00bb4.16&#8243; _module_preset=\u00bbdefault\u00bb global_colors_info=\u00bb{}\u00bb][et_pb_text _builder_version=\u00bb4.23.1&#8243; _module_preset=\u00bbdefault\u00bb header_2_font=\u00bb|700|||||||\u00bb header_2_text_align=\u00bbcenter\u00bb header_2_line_height=\u00bb120%\u00bb hover_enabled=\u00bb0&#8243; global_colors_info=\u00bb{}\u00bb sticky_enabled=\u00bb0&#8243;]<\/p>\n<h2>Hojas informativas y descripci\u00f3n general<\/h2>\n<p>[\/et_pb_text][\/et_pb_column][\/et_pb_row][et_pb_row _builder_version=\u00bb4.16&#8243; _module_preset=\u00bbdefault\u00bb custom_padding=\u00bb||45px||false|false\u00bb global_colors_info=\u00bb{}\u00bb][et_pb_column type=\u00bb4_4&#8243; _builder_version=\u00bb4.16&#8243; _module_preset=\u00bbdefault\u00bb global_colors_info=\u00bb{}\u00bb][et_pb_text _builder_version=\u00bb4.23.1&#8243; _module_preset=\u00bbdefault\u00bb header_2_line_height=\u00bb120%\u00bb header_3_font_size=\u00bb26px\u00bb header_3_line_height=\u00bb1.2em\u00bb hover_enabled=\u00bb0&#8243; global_colors_info=\u00bb{}\u00bb sticky_enabled=\u00bb0&#8243;]<\/p>\n<h3><strong>OPTIMA de un vistazo &#8211;<br \/>Revolucionando la oncolog\u00eda<br \/><\/strong><\/h3>\n<p>[\/et_pb_text][\/et_pb_column][\/et_pb_row][et_pb_row column_structure=\u00bb1_2,1_2&#8243; _builder_version=\u00bb4.16&#8243; _module_preset=\u00bbdefault\u00bb width=\u00bb70%\u00bb custom_margin=\u00bb||||false|false\u00bb custom_padding=\u00bb0px||||false|false\u00bb global_colors_info=\u00bb{}\u00bb][et_pb_column type=\u00bb1_2&#8243; _builder_version=\u00bb4.16&#8243; _module_preset=\u00bbdefault\u00bb global_colors_info=\u00bb{}\u00bb][et_pb_text _builder_version=\u00bb4.23.1&#8243; _module_preset=\u00bbdefault\u00bb text_letter_spacing=\u00bb0.02em\u00bb text_line_height=\u00bb150%\u00bb custom_padding=\u00bb||0px|||\u00bb text_font_size_tablet=\u00bb14px\u00bb text_font_size_phone=\u00bb\u00bb text_font_size_last_edited=\u00bbon|tablet\u00bb global_colors_info=\u00bb{}\u00bb]<\/p>\n<h4><span>Descripci\u00f3n general<\/span><\/h4>\n<p>El proyecto OPTIMA es un consorcio liderado por diversas entidades claves, enfocado en bridar acceso a tratamientos personalizados de vanguardia y terapias innovadoras para pacientes* con c\u00e1ncer de pulm\u00f3n, mama y pr\u00f3stata.\u00a0<\/p>\n<p>Su objetivo principal es el desarrollo y la implementaci\u00f3n de una plataforma europea de datos oncol\u00f3gicos en el mundo real, en conformidad a la GDPR (Reglamento General de Protecci\u00f3n de Datos), y adaptada a las necesidades de m\u00e9dicos y pacientes, facilitando as\u00ed una toma de decisiones m\u00e1s colaborativa y eficaz.<\/p>\n<p>&nbsp;<\/p>\n<p>&nbsp;<\/p>\n<p>[\/et_pb_text][et_pb_text _builder_version=\u00bb4.23.1&#8243; _module_preset=\u00bbdefault\u00bb text_letter_spacing=\u00bb0.02em\u00bb text_line_height=\u00bb150%\u00bb text_font_size_tablet=\u00bb14px\u00bb text_font_size_phone=\u00bb\u00bb text_font_size_last_edited=\u00bbon|tablet\u00bb global_colors_info=\u00bb{}\u00bb]<\/p>\n<h4><span>Objetivos<\/span><\/h4>\n<p><b>Integraci\u00f3n<\/b><b> de <\/b><b>datos<\/b><b> del <\/b><b>mundo<\/b><b> real:<\/b>\u202fRecopilar y armonizar conjuntos de datos estructurados y no estructurados a gran escala, combinando informaci\u00f3n de diversas fuentes.<\/p>\n<p><b>Apoyo<\/b><b> a la <\/b><b>toma<\/b><b> de <\/b><b>decisiones<\/b> <b>guiado<\/b> <b>por<\/b> <b>Inteligencia<\/b><b> Artificial (IA):<\/b>\u202fDesarrollar una plataforma segura y sostenible que incorpore herramientas de apoyo a la toma de decisiones basadas en IA y alineadas con las \u00faltimas gu\u00edas de pr\u00e1ctica cl\u00ednica.<\/p>\n<p><b>Priorizaci\u00f3n<\/b><b> de <\/b><b>gu\u00edas<\/b><b>:<\/b>\u202fCentrarse en el c\u00e1ncer de pr\u00f3stata, mama y pulm\u00f3n para crear una herramienta de soporte a la toma de decisiones basada en gu\u00edas cl\u00ednicas, escalable y actualizada peri\u00f3dicamente.<\/p>\n<p><b>An\u00e1lisis<\/b> <b>avanzado<\/b><b> y <\/b><b>modelos<\/b><b> de IA:<\/b>\u202fUtilizar la IA y an\u00e1lisis avanzados\u00a0 para generar nuevos conocimientos y perspectivas que mejoren la atenci\u00f3n oncol\u00f3gica.<\/p>\n<p>&nbsp;<\/p>\n<p>&nbsp;<\/p>\n<p>[\/et_pb_text][\/et_pb_column][et_pb_column type=\u00bb1_2&#8243; _builder_version=\u00bb4.16&#8243; _module_preset=\u00bbdefault\u00bb global_colors_info=\u00bb{}\u00bb][et_pb_text _builder_version=\u00bb4.23.1&#8243; _module_preset=\u00bbdefault\u00bb text_letter_spacing=\u00bb0.02em\u00bb text_line_height=\u00bb150%\u00bb text_font_size_tablet=\u00bb14px\u00bb text_font_size_phone=\u00bb\u00bb text_font_size_last_edited=\u00bbon|tablet\u00bb global_colors_info=\u00bb{}\u00bb]<\/p>\n<h4>Impacto<\/h4>\n<p>Mejora de los resultados oncol\u00f3gicos de los pacientes mediante tratamientos personalizados y terapias innovadoras.<\/p>\n<p>Mejora de la toma de decisiones cl\u00ednicas basada en evidencia s\u00f3lida y en el cumplimiento de las gu\u00edas de pr\u00e1ctica cl\u00ednica.<\/p>\n<p>Conocimiento en profundidad de los resultados oncol\u00f3gicos y el bienestar de los pacientes mediante an\u00e1lisis avanzados.<\/p>\n<p>Establecimiento de medidas rigurosas de protecci\u00f3n de datos para los datos personales de los pacientes.<\/p>\n<p>&nbsp;<\/p>\n<p>&nbsp;<\/p>\n<p>[\/et_pb_text][et_pb_text _builder_version=\u00bb4.23.1&#8243; _module_preset=\u00bbdefault\u00bb text_letter_spacing=\u00bb0.02em\u00bb text_line_height=\u00bb150%\u00bb text_font_size_tablet=\u00bb14px\u00bb text_font_size_phone=\u00bb\u00bb text_font_size_last_edited=\u00bbon|tablet\u00bb global_colors_info=\u00bb{}\u00bb]<\/p>\n<h4><span>Componentes clave<\/span><\/h4>\n<p><b>Herramienta<\/b><b> de <\/b><b>soporte<\/b><b> de <\/b><b>decisiones<\/b> <b>guiada<\/b> <b>por<\/b><b> IA:<\/b>\u202fUna herramienta sofisticada que ayuda a los m\u00e9dicos a tomar decisiones basadas en la evidencia utilizando gu\u00edas actualizadas y datos espec\u00edficos del paciente.<\/p>\n<p><b>Integraci\u00f3n<\/b><b> y <\/b><b>armonizaci\u00f3n<\/b><b> de <\/b><b>datos<\/b><b>:<\/b>\u202fProcesos robustos para recopilar y estandarizar conjuntos de datos del mundo real procedentes de m\u00faltiples fuentes, garantizando la integridad y fiabilidad de los datos.<\/p>\n<p><b>Cumplimiento<\/b> <b>\u00e9tico<\/b><b> y legal:<\/b>\u202fCumplimiento de todos los est\u00e1ndares \u00e9ticos y legales relativos a la privacidad de los datos de los pacientes y la conducta en la investigaci\u00f3n.<\/p>\n<p>&nbsp;<\/p>\n<p>&nbsp;<\/p>\n<p>[\/et_pb_text][\/et_pb_column][\/et_pb_row][et_pb_row _builder_version=\u00bb4.16&#8243; _module_preset=\u00bbdefault\u00bb custom_padding=\u00bb||45px||false|false\u00bb global_colors_info=\u00bb{}\u00bb][et_pb_column type=\u00bb4_4&#8243; _builder_version=\u00bb4.16&#8243; _module_preset=\u00bbdefault\u00bb global_colors_info=\u00bb{}\u00bb][et_pb_text _builder_version=\u00bb4.23.1&#8243; _module_preset=\u00bbdefault\u00bb header_2_line_height=\u00bb120%\u00bb header_3_font_size=\u00bb26px\u00bb header_3_line_height=\u00bb1.2em\u00bb global_colors_info=\u00bb{}\u00bb]<\/p>\n<h3><strong>OPTIMA &#8211; Nuevos est\u00e1ndares en<br \/>\nla investigaci\u00f3n contra el  c\u00e1ncer<br \/>\n<\/strong><\/h3>\n<p>&nbsp;[\/et_pb_text][\/et_pb_column][\/et_pb_row][et_pb_row column_structure=\u00bb1_2,1_2&#8243; _builder_version=\u00bb4.16&#8243; _module_preset=\u00bbdefault\u00bb width=\u00bb70%\u00bb custom_margin=\u00bb||||false|false\u00bb custom_padding=\u00bb0px||||false|false\u00bb global_colors_info=\u00bb{}\u00bb][et_pb_column type=\u00bb1_2&#8243; _builder_version=\u00bb4.16&#8243; _module_preset=\u00bbdefault\u00bb global_colors_info=\u00bb{}\u00bb][et_pb_text _builder_version=\u00bb4.23.1&#8243; _module_preset=\u00bbdefault\u00bb text_letter_spacing=\u00bb0.02em\u00bb text_line_height=\u00bb150%\u00bb custom_padding=\u00bb||0px|||\u00bb hover_enabled=\u00bb0&#8243; text_font_size_tablet=\u00bb14px\u00bb text_font_size_phone=\u00bb\u00bb text_font_size_last_edited=\u00bbon|tablet\u00bb global_colors_info=\u00bb{}\u00bb sticky_enabled=\u00bb0&#8243;]<\/p>\n<h4>Cooperaci\u00f3n<\/h4>\n<p>El proyecto OPTIMA promueve la colaboraci\u00f3n entre profesionales de la medicina, investigadores, defensores de pacientes, expertos en tecnolog\u00eda y la industria farmac\u00e9utica.<\/p>\n<p>Un enfoque <b>integrador<\/b><b> y <\/b><b>sostenible<\/b> respalda las iniciativas del consorcio para impulsar resultados de investigaci\u00f3n significativos.<\/p>\n<p>&nbsp;<\/p>\n<p>[\/et_pb_text][et_pb_image src=\u00bbhttps:\/\/www.optima-oncology.eu\/wp-content\/uploads\/setting-new-standards-in-cancer-research.png\u00bb alt=\u00bbVisi\u00f3n general de OPTIMA \u2013 Estableciendo nuevos est\u00e1ndares en la investigaci\u00f3n del c\u00e1ncer\u00bb title_text=\u00bbOPTIMA Overview \u2013 Setting new standards in Cancer Research\u00bb _builder_version=\u00bb4.23.1&#8243; _module_preset=\u00bbdefault\u00bb global_colors_info=\u00bb{}\u00bb][\/et_pb_image][\/et_pb_column][et_pb_column type=\u00bb1_2&#8243; _builder_version=\u00bb4.16&#8243; _module_preset=\u00bbdefault\u00bb global_colors_info=\u00bb{}\u00bb][et_pb_text _builder_version=\u00bb4.23.1&#8243; _module_preset=\u00bbdefault\u00bb text_letter_spacing=\u00bb0.02em\u00bb text_line_height=\u00bb150%\u00bb text_font_size_tablet=\u00bb14px\u00bb text_font_size_phone=\u00bb\u00bb text_font_size_last_edited=\u00bbon|tablet\u00bb global_colors_info=\u00bb{}\u00bb]<\/p>\n<h4>Implementaci\u00f3n<\/h4>\n<p>La plataforma OPTIMA se implementar\u00e1 en entornos cl\u00ednicos, proporcionando <b>apoyo<\/b> tangible a m\u00e9dicos y pacientes.<\/p>\n<p>La <b>evaluaci\u00f3n<\/b><b> y <\/b><b>optimizaci\u00f3n<\/b> <b>continuas<\/b> garantizar\u00e1n la eficacia y solidez t\u00e9cnica de la plataforma.<\/p>\n<p>&nbsp;<\/p>\n<p>&nbsp;[\/et_pb_text][et_pb_text _builder_version=\u00bb4.23.1&#8243; _module_preset=\u00bbdefault\u00bb text_letter_spacing=\u00bb0.02em\u00bb text_line_height=\u00bb150%\u00bb text_font_size_tablet=\u00bb14px\u00bb text_font_size_phone=\u00bb\u00bb text_font_size_last_edited=\u00bbon|tablet\u00bb global_colors_info=\u00bb{}\u00bb]<\/p>\n<h4><span>Protecci\u00f3n de datos<br \/><\/span><\/h4>\n<p>Se mantendr\u00e1 rigurosamente la confidencialidad y privacidad de los datos de los pacientes, respetando estrictamente \u00a0las <b>normas<\/b> y reglamentos <b>de <\/b><b>protecci\u00f3n<\/b><b> de <\/b><b>datos<\/b><b>.<\/b><\/p>\n<p>[\/et_pb_text][et_pb_text _builder_version=\u00bb4.23.1&#8243; _module_preset=\u00bbdefault\u00bb text_letter_spacing=\u00bb0.02em\u00bb text_line_height=\u00bb150%\u00bb text_font_size_tablet=\u00bb14px\u00bb text_font_size_phone=\u00bb\u00bb text_font_size_last_edited=\u00bbon|tablet\u00bb global_colors_info=\u00bb{}\u00bb]<\/p>\n<h4><span>Conclusi\u00f3n<\/span><\/h4>\n<p>El proyecto OPTIMA\u00a0 es una iniciativa colaborativa destinado a <b>revolucionar<\/b><b> la <\/b><b>atenci\u00f3n<\/b> <b>oncol\u00f3gica<\/b> mediante enfoques avanzados basados en datos y soporte de decisiones <b>guiado<\/b> <b>por<\/b> <b>inteligencia<\/b><b> artificial.<\/b><\/p>\n<p>Integrando datos del mundo real, dando prioridad a la adherencia a las gu\u00edas cl\u00ednicas y utilizando tecnolog\u00edas\u00a0 punteras, el proyecto tiene como objetivo impactar significativamente en los tratamientos <b>personalizados<\/b> del <b>c\u00e1ncer<\/b> y en la <b>toma<\/b><b> de <\/b><b>decisiones<\/b> compartida, lo que en \u00faltima instancia conducir\u00e1 a una mejora de los resultados y el bienestar de los pacientes.<\/p>\n<p>&nbsp;<\/p>\n<p>[\/et_pb_text][\/et_pb_column][\/et_pb_row][et_pb_row _builder_version=\u00bb4.23.1&#8243; _module_preset=\u00bbdefault\u00bb global_colors_info=\u00bb{}\u00bb][et_pb_column type=\u00bb4_4&#8243; _builder_version=\u00bb4.23.1&#8243; _module_preset=\u00bbdefault\u00bb global_colors_info=\u00bb{}\u00bb][et_pb_button button_url=\u00bbhttps:\/\/www.optima-oncology.eu\/wp-content\/uploads\/Factsheet_OPTIMA-ES-FINAL.pdf\u00bb url_new_window=\u00bbon\u00bb button_text=\u00bbDescargar esta ficha informativa (PDF)\u00bb _builder_version=\u00bb4.23.1&#8243; _module_preset=\u00bbdefault\u00bb global_colors_info=\u00bb{}\u00bb][\/et_pb_button][\/et_pb_column][\/et_pb_row][\/et_pb_section]<\/p>\n","protected":false},"excerpt":{"rendered":"<p>La visi\u00f3n de proporcionar a los pacientes con c\u00e1ncer de pulm\u00f3n, mama y pr\u00f3stata acceso a tratamientos personalizados de \u00faltima generaci\u00f3n y terapias innovadoras<\/p>\n","protected":false},"author":1,"featured_media":4251,"parent":0,"menu_order":10,"comment_status":"closed","ping_status":"closed","template":"","meta":{"_et_pb_use_builder":"on","_et_pb_old_content":"","_et_gb_content_width":"","footnotes":"","_links_to":"","_links_to_target":""},"class_list":["post-8142","page","type-page","status-publish","has-post-thumbnail","hentry"],"aioseo_notices":[],"_links":{"self":[{"href":"https:\/\/www.optima-oncology.eu\/es\/wp-json\/wp\/v2\/pages\/8142","targetHints":{"allow":["GET"]}}],"collection":[{"href":"https:\/\/www.optima-oncology.eu\/es\/wp-json\/wp\/v2\/pages"}],"about":[{"href":"https:\/\/www.optima-oncology.eu\/es\/wp-json\/wp\/v2\/types\/page"}],"author":[{"embeddable":true,"href":"https:\/\/www.optima-oncology.eu\/es\/wp-json\/wp\/v2\/users\/1"}],"replies":[{"embeddable":true,"href":"https:\/\/www.optima-oncology.eu\/es\/wp-json\/wp\/v2\/comments?post=8142"}],"version-history":[{"count":2,"href":"https:\/\/www.optima-oncology.eu\/es\/wp-json\/wp\/v2\/pages\/8142\/revisions"}],"predecessor-version":[{"id":8233,"href":"https:\/\/www.optima-oncology.eu\/es\/wp-json\/wp\/v2\/pages\/8142\/revisions\/8233"}],"wp:featuredmedia":[{"embeddable":true,"href":"https:\/\/www.optima-oncology.eu\/es\/wp-json\/wp\/v2\/media\/4251"}],"wp:attachment":[{"href":"https:\/\/www.optima-oncology.eu\/es\/wp-json\/wp\/v2\/media?parent=8142"}],"curies":[{"name":"wp","href":"https:\/\/api.w.org\/{rel}","templated":true}]}}