{"id":8265,"date":"2024-04-04T07:13:06","date_gmt":"2024-04-04T06:13:06","guid":{"rendered":"https:\/\/www.optima-oncology.eu\/ergebnisse-erklarer-fur-kunstliche-intelligenz-ki\/"},"modified":"2024-04-04T08:42:56","modified_gmt":"2024-04-04T07:42:56","slug":"ergebnisse-erklaerer-fur-kuenstliche-intelligenz-ki","status":"publish","type":"page","link":"https:\/\/www.optima-oncology.eu\/de\/ergebnisse-erklaerer-fur-kuenstliche-intelligenz-ki\/","title":{"rendered":"Ergebnisse &#8211; Erkl\u00e4rer f\u00fcr k\u00fcnstliche Intelligenz (KI)"},"content":{"rendered":"<p>[et_pb_section fb_built=&#8220;1&#8243; admin_label=&#8220;Header  &#8220; module_id=&#8220;section001bgs&#8220; _builder_version=&#8220;4.23.1&#8243; _module_preset=&#8220;default&#8220; background_image=&#8220;https:\/\/www.optima-oncology.eu\/wp-content\/uploads\/bg-ellipse-wp-section-001.svg&#8220; background_size=&#8220;initial&#8220; background_position=&#8220;center_left&#8220; min_height=&#8220;440px&#8220; min_height_tablet=&#8220;355px&#8220; min_height_phone=&#8220;&#8220; min_height_last_edited=&#8220;on|tablet&#8220; height=&#8220;440px&#8220; height_tablet=&#8220;355px&#8220; height_phone=&#8220;&#8220; height_last_edited=&#8220;on|tablet&#8220; max_height_tablet=&#8220;355px&#8220; max_height_phone=&#8220;&#8220; max_height_last_edited=&#8220;on|tablet&#8220; custom_padding=&#8220;||12px|||&#8220; da_popup_slug=&#8220;section001bgs&#8220; da_disable_devices=&#8220;off|off|off&#8220; global_colors_info=&#8220;{}&#8220; da_is_popup=&#8220;off&#8220; da_exit_intent=&#8220;off&#8220; da_has_close=&#8220;on&#8220; da_alt_close=&#8220;off&#8220; da_dark_close=&#8220;off&#8220; da_not_modal=&#8220;on&#8220; da_is_singular=&#8220;off&#8220; da_with_loader=&#8220;off&#8220; da_has_shadow=&#8220;on&#8220;][et_pb_row _builder_version=&#8220;4.16&#8243; _module_preset=&#8220;default&#8220; width=&#8220;70%&#8220; custom_margin=&#8220;||||false|false&#8220; custom_margin_tablet=&#8220;||60px||false|false&#8220; custom_margin_phone=&#8220;||60px||false|false&#8220; custom_margin_last_edited=&#8220;on|tablet&#8220; global_colors_info=&#8220;{}&#8220;][et_pb_column type=&#8220;4_4&#8243; _builder_version=&#8220;4.16&#8243; _module_preset=&#8220;default&#8220; global_colors_info=&#8220;{}&#8220;][et_pb_text module_class=&#8220;h1bug&#8220; _builder_version=&#8220;4.23.1&#8243; _module_preset=&#8220;default&#8220; header_font=&#8220;|800|||||||&#8220; header_font_size=&#8220;58px&#8220; header_line_height=&#8220;1.2em&#8220; header_4_line_height=&#8220;1.3em&#8220; custom_margin=&#8220;28px||||false|false&#8220; header_font_size_tablet=&#8220;24px&#8220; header_font_size_phone=&#8220;&#8220; header_font_size_last_edited=&#8220;on|tablet&#8220; global_colors_info=&#8220;{}&#8220;]<\/p>\n<h1>Outputs<\/h1>\n<p>[\/et_pb_text][\/et_pb_column][\/et_pb_row][\/et_pb_section][et_pb_section fb_built=&#8220;1&#8243; custom_padding_last_edited=&#8220;on|tablet&#8220; admin_label=&#8220;Overview \u2013  for Patients&#8220; _builder_version=&#8220;4.23.1&#8243; _module_preset=&#8220;default&#8220; custom_margin_tablet=&#8220;&#8220; custom_margin_phone=&#8220;&#8220; custom_margin_last_edited=&#8220;on|tablet&#8220; custom_padding_tablet=&#8220;||0px||false|false&#8220; custom_padding_phone=&#8220;&#8220; da_disable_devices=&#8220;off|off|off&#8220; saved_tabs=&#8220;all&#8220; collapsed=&#8220;off&#8220; global_colors_info=&#8220;{}&#8220; da_is_popup=&#8220;off&#8220; da_exit_intent=&#8220;off&#8220; da_has_close=&#8220;on&#8220; da_alt_close=&#8220;off&#8220; da_dark_close=&#8220;off&#8220; da_not_modal=&#8220;on&#8220; da_is_singular=&#8220;off&#8220; da_with_loader=&#8220;off&#8220; da_has_shadow=&#8220;on&#8220;][et_pb_row _builder_version=&#8220;4.16&#8243; _module_preset=&#8220;default&#8220; global_colors_info=&#8220;{}&#8220;][et_pb_column type=&#8220;4_4&#8243; _builder_version=&#8220;4.16&#8243; _module_preset=&#8220;default&#8220; global_colors_info=&#8220;{}&#8220;][et_pb_text _builder_version=&#8220;4.23.1&#8243; _module_preset=&#8220;default&#8220; header_2_font=&#8220;|700|||||||&#8220; header_2_text_align=&#8220;center&#8220; header_2_line_height=&#8220;120%&#8220; header_4_line_height=&#8220;1.3em&#8220; global_colors_info=&#8220;{}&#8220;]<\/p>\n<h2>Factsheets &amp; \u00dcbersicht<\/h2>\n<p>[\/et_pb_text][\/et_pb_column][\/et_pb_row][et_pb_row _builder_version=&#8220;4.16&#8243; _module_preset=&#8220;default&#8220; custom_padding=&#8220;||45px||false|false&#8220; global_colors_info=&#8220;{}&#8220;][et_pb_column type=&#8220;4_4&#8243; _builder_version=&#8220;4.16&#8243; _module_preset=&#8220;default&#8220; global_colors_info=&#8220;{}&#8220;][et_pb_text _builder_version=&#8220;4.23.1&#8243; _module_preset=&#8220;default&#8220; header_2_line_height=&#8220;120%&#8220; header_3_font_size=&#8220;26px&#8220; header_3_line_height=&#8220;1.2em&#8220; header_4_line_height=&#8220;1.3em&#8220; global_colors_info=&#8220;{}&#8220;]<\/p>\n<h3><strong>OPTIMA<br \/>Erkl\u00e4rer f\u00fcr k\u00fcnstliche Intelligenz (KI)<br \/><\/strong><\/h3>\n<p>[\/et_pb_text][\/et_pb_column][\/et_pb_row][et_pb_row column_structure=&#8220;1_2,1_2&#8243; _builder_version=&#8220;4.23.1&#8243; _module_preset=&#8220;default&#8220; width=&#8220;70%&#8220; custom_margin=&#8220;||||false|false&#8220; custom_padding=&#8220;0px||60px||false|false&#8220; global_colors_info=&#8220;{}&#8220;][et_pb_column type=&#8220;1_2&#8243; _builder_version=&#8220;4.16&#8243; _module_preset=&#8220;default&#8220; global_colors_info=&#8220;{}&#8220;][et_pb_text _builder_version=&#8220;4.23.1&#8243; _module_preset=&#8220;default&#8220; text_letter_spacing=&#8220;0.02em&#8220; text_line_height=&#8220;150%&#8220; header_4_line_height=&#8220;1.3em&#8220; text_font_size_tablet=&#8220;14px&#8220; text_font_size_phone=&#8220;&#8220; text_font_size_last_edited=&#8220;on|tablet&#8220; global_colors_info=&#8220;{}&#8220;]<\/p>\n<h4><span>\u00dcbersicht<\/span><\/h4>\n<p>Das Projekt OPTIMA ist ein von mehreren Interes-sengruppen\u00a0gef\u00fchrtes Konsortium, das\u00a0darauf <br \/>abzielt, Krebsbehandlungen durch die Integration <br \/>von Technologien der k\u00fcnstlichen Intelligenz (KI) zu verbessern. Es konzentriert sich auf personalisierte Behandlungen und innovative Therapien, wobei der Schwerpunkt auf der St\u00e4rkung der gemeinsamen Ent-scheidungsfindung von \u00c4rzten und Patienten* liegt.<\/p>\n<p>[\/et_pb_text][et_pb_text _builder_version=&#8220;4.23.1&#8243; _module_preset=&#8220;default&#8220; text_letter_spacing=&#8220;0.02em&#8220; text_line_height=&#8220;150%&#8220; header_4_line_height=&#8220;1.3em&#8220; text_font_size_tablet=&#8220;14px&#8220; text_font_size_phone=&#8220;&#8220; text_font_size_last_edited=&#8220;on|tablet&#8220; global_colors_info=&#8220;{}&#8220;]<\/p>\n<h4><span>Zielsetzung<\/span><\/h4>\n<p><b>Unterst\u00fctzung<\/b> <b>klinischer<\/b> <b>Entscheidungen<\/b><b>: <\/b>Entwicklung einer computergest\u00fctzten Plattform <br \/>zur Unterst\u00fctzung von Leitlinien, die \u00c4rzten hilft, evidenzbasierte Behandlungsentscheidungen <br \/>zu treffen.<\/p>\n<p><b>KI-<\/b><b>Wissensgenerierung<\/b><b>:\u00a0<\/b> Nutzung von KI und <br \/>fort-schrittlicher Analytik f\u00fcr Daten aus der realen Welt\u00a0zur Gewinnung neuer Erkenntnisse und Ein-sichten, die zu verbesserten Krebsbehandlungs-strategien f\u00fchren.<\/p>\n<p>[\/et_pb_text][\/et_pb_column][et_pb_column type=&#8220;1_2&#8243; _builder_version=&#8220;4.16&#8243; _module_preset=&#8220;default&#8220; global_colors_info=&#8220;{}&#8220;][et_pb_image src=&#8220;https:\/\/www.optima-oncology.eu\/wp-content\/uploads\/ai.jpg&#8220; alt=&#8220;K\u00fcnstliche Intelligenz&#8220; title_text=&#8220;AI&#8220; module_class=&#8220;imagewithborder&#8220; _builder_version=&#8220;4.23.1&#8243; _module_preset=&#8220;default&#8220; custom_padding=&#8220;||||true|true&#8220; border_radii=&#8220;on|20px|20px|20px|20px&#8220; box_shadow_style=&#8220;preset1&#8243; global_colors_info=&#8220;{}&#8220;][\/et_pb_image][\/et_pb_column][\/et_pb_row][et_pb_row column_structure=&#8220;1_2,1_2&#8243; _builder_version=&#8220;4.23.1&#8243; _module_preset=&#8220;default&#8220; width=&#8220;70%&#8220; custom_margin=&#8220;||||false|false&#8220; custom_padding=&#8220;40px||60px||false|false&#8220; global_colors_info=&#8220;{}&#8220;][et_pb_column type=&#8220;1_2&#8243; _builder_version=&#8220;4.16&#8243; _module_preset=&#8220;default&#8220; global_colors_info=&#8220;{}&#8220;][et_pb_text _builder_version=&#8220;4.23.1&#8243; _module_preset=&#8220;default&#8220; text_letter_spacing=&#8220;0.02em&#8220; text_line_height=&#8220;150%&#8220; header_4_line_height=&#8220;1.3em&#8220; text_font_size_tablet=&#8220;14px&#8220; text_font_size_phone=&#8220;&#8220; text_font_size_last_edited=&#8220;on|tablet&#8220; global_colors_info=&#8220;{}&#8220;]<\/p>\n<h4><span>Anwendungen von KI in der Krebsbehandlung<\/span><\/h4>\n<p>Im Rahmen des OPTIMA-Projekts werden verschie-dene Anwendungen der KI erforscht:<\/p>\n<p><b>Bildgebung<\/b><b>: <\/b>Die KI hat die Bildanalyse durch die Entwicklung bildgebender Biomarker revolutioniert, um die Entscheidungsfindung bei Diagnose, Behan-dlungserfolg und Behandlungsoptimierungen zu verbessern und zu unterst\u00fctzen.<\/p>\n<p><b>Elektronische<\/b> <b>Gesundheitsakten<\/b><b> (EHR): <\/b>KI hat ihren Mehrwert bei der Analyse von EHR-Daten bewiesen, die eine der wichtigsten Datenmodali-t\u00e4ten f\u00fcr die R\u00fcckverfolgung und das bessere Verst\u00e4ndnis des klinischen Verlaufs von Krebs sind.<\/p>\n<p><b>Nat\u00fcrliche<\/b> <b>Sprachverarbeitung<\/b><b> (NLP): <\/b>NLP wird eingesetzt, um die elektronischen Patientenakten der Observational Medical Outcomes Partnership (OMOP) zu analysieren und die Einhaltung der klinischen Leitlinien zu bewerten.<\/p>\n<p>Mit Hilfe von KI k\u00f6nnen auf den oben genannten Daten verschiedene Aufgaben gel\u00f6st werden, z. B.:<\/p>\n<p><b>Klassifizierung<\/b><b>: <\/b>Bei der Klassifizierung handelt es sich um ein Modell, das darauf abzielt, die korrekte Bezeichnung eines bestimmten Eingabedaten-satzes vorherzusagen, z. B. durch Mustererkennung zur Verbesserung der Fr\u00fchdiagnose oder zur Er-mittlung von Untergruppen von Patienten mit unter-schiedlichen Krankheitsmerkmalen.<\/p>\n<p>&nbsp;<\/p>\n<p>[\/et_pb_text][\/et_pb_column][et_pb_column type=&#8220;1_2&#8243; _builder_version=&#8220;4.16&#8243; _module_preset=&#8220;default&#8220; global_colors_info=&#8220;{}&#8220;][et_pb_text _builder_version=&#8220;4.23.1&#8243; _module_preset=&#8220;default&#8220; text_letter_spacing=&#8220;0.02em&#8220; text_line_height=&#8220;150%&#8220; header_4_line_height=&#8220;1.3em&#8220; custom_margin=&#8220;22px||||false|false&#8220; text_font_size_tablet=&#8220;14px&#8220; text_font_size_phone=&#8220;&#8220; text_font_size_last_edited=&#8220;on|tablet&#8220; global_colors_info=&#8220;{}&#8220;]<\/p>\n<p><b>Regression: <\/b>Regression bezieht sich auf den Pro-zess der Extraktion messbarer Merkmale aus un-strukturierten Daten, zum Beispiel die Berechnung des Gleason-Scores aus medizinischen Bildern.<\/p>\n<p><b>Clustering: <\/b>Beim Clustering geht es darum, \u00c4hn-lichkeiten innerhalb von Gruppen in Daten zu er-kennen, z. B. die Gruppierung von Personen auf <br \/>der Grundlage ihres genetischen Risikos und ihrer Screening-Ergebnisse.<\/p>\n<p><b>Voraussage<\/b><b>: <\/b>Bei der Voraussage geht es um <br \/>verschiedene Aspekte der Patientenversorgung, <br \/>z. B. um die Festlegung der geeigneten Behan-dlungsabfolge oder -kombination, die Vorhersage des Auftretens von Krankheiten und die Sch\u00e4tzung von \u00dcberlebensraten.<\/p>\n<p><b>Multimodalit\u00e4t<\/b><b>: <\/b>Multimodalit\u00e4t bezieht sich auf die Kombination und Integration verschiedener Daten-quellen, einschlie\u00dflich medizinischer Bildgebung, Omics-Daten, EHRs, OMOP-Daten und mehr.<\/p>\n<p><b>Kausaler<\/b> <b>R\u00fcckschluss<\/b><b>: <\/b>Unter Kausalschluss versteht man den Prozess der Identifizierung von Ursache-Wirkungs-Beziehungen in Daten. Im Rahmen des OPTIMA-Projekts kann sie f\u00fcr das Therapiemanagement und die Bewertung der Lebensqualit\u00e4t von Patienten eingesetzt werden, um zu verstehen, wie sich Behandlungen auf ihr Wohlbefinden auswirken.<\/p>\n<p>[\/et_pb_text][\/et_pb_column][\/et_pb_row][et_pb_row column_structure=&#8220;1_2,1_2&#8243; _builder_version=&#8220;4.23.1&#8243; _module_preset=&#8220;default&#8220; width=&#8220;70%&#8220; custom_margin=&#8220;||||false|false&#8220; custom_padding=&#8220;40px||60px||false|false&#8220; global_colors_info=&#8220;{}&#8220;][et_pb_column type=&#8220;1_2&#8243; _builder_version=&#8220;4.16&#8243; _module_preset=&#8220;default&#8220; global_colors_info=&#8220;{}&#8220;][et_pb_text _builder_version=&#8220;4.23.1&#8243; _module_preset=&#8220;default&#8220; text_letter_spacing=&#8220;0.02em&#8220; text_line_height=&#8220;150%&#8220; header_4_line_height=&#8220;1.3em&#8220; text_font_size_tablet=&#8220;14px&#8220; text_font_size_phone=&#8220;&#8220; text_font_size_last_edited=&#8220;on|tablet&#8220; global_colors_info=&#8220;{}&#8220;]<\/p>\n<h4><span>Datenschutz und Privatsph\u00e4re<\/span><\/h4>\n<p>OPTIMA legt gro\u00dfen Wert auf den Datenschutz und die Einhaltung ethischer Grunds\u00e4tze. Die pers\u00f6n-lichen Daten der Patienten werden mit h\u00f6chster Vertraulichkeit behandelt, und bei allen Aktivit\u00e4ten werden die gesetzlichen Vorschriften und ethischen Richtlinien eingehalten, um die Privatsph\u00e4re der Patienten und den Datenschutz zu gew\u00e4hrleisten.<\/p>\n<p>[\/et_pb_text][et_pb_text _builder_version=&#8220;4.23.1&#8243; _module_preset=&#8220;default&#8220; text_letter_spacing=&#8220;0.02em&#8220; text_line_height=&#8220;150%&#8220; header_4_line_height=&#8220;1.3em&#8220; text_font_size_tablet=&#8220;14px&#8220; text_font_size_phone=&#8220;&#8220; text_font_size_last_edited=&#8220;on|tablet&#8220; global_colors_info=&#8220;{}&#8220;]<\/p>\n<h4><span>Digitalisierte Arbeitsabl\u00e4ufe und f\u00f6deriertes Lernen <\/span><\/h4>\n<p>Zur Operationalisierung der KI im klinischen Umfeld zielt das OPTIMA-Projekt auf die Digitalisierung von Arbeitsabl\u00e4ufen durch die Einbeziehung von com-puterinterpretierbaren Leitlinien und Forschungs-fragen ab. Durch f\u00f6deriertes Lernen k\u00f6nnen KI-Modelle an mehreren Standorten gemeinsam trainiert werden, ohne dass Rohdaten ausgetauscht werden m\u00fcssen, wodurch der Datenschutz gewahrt und statistische Verzerrungen reduziert werden.<\/p>\n<p>[\/et_pb_text][\/et_pb_column][et_pb_column type=&#8220;1_2&#8243; _builder_version=&#8220;4.16&#8243; _module_preset=&#8220;default&#8220; global_colors_info=&#8220;{}&#8220;][et_pb_text _builder_version=&#8220;4.23.1&#8243; _module_preset=&#8220;default&#8220; text_letter_spacing=&#8220;0.02em&#8220; text_line_height=&#8220;150%&#8220; header_4_line_height=&#8220;1.3em&#8220; text_font_size_tablet=&#8220;14px&#8220; text_font_size_phone=&#8220;&#8220; text_font_size_last_edited=&#8220;on|tablet&#8220; global_colors_info=&#8220;{}&#8220;]<\/p>\n<h4><span>Ethische und rechtliche Aspekte<\/span><\/h4>\n<p>OPTIMA r\u00e4umt ethischen Erw\u00e4gungen Vorrang ein und gew\u00e4hrleistet einen gesetzeskonformen und ethischen Umgang mit Patientendaten im Rahmen des Projekts. Es werden Anstrengungen unter-nommen, um die Erkl\u00e4rbarkeit von KI-Modellen und potenzielle Verzerrungen anzusprechen und Trans-parenz und Fairness bei KI-gesteuerten Entschei-dungen zu betonen.<\/p>\n<p>[\/et_pb_text][et_pb_text _builder_version=&#8220;4.23.1&#8243; _module_preset=&#8220;default&#8220; text_letter_spacing=&#8220;0.02em&#8220; text_line_height=&#8220;150%&#8220; header_4_line_height=&#8220;1.3em&#8220; text_font_size_tablet=&#8220;14px&#8220; text_font_size_phone=&#8220;&#8220; text_font_size_last_edited=&#8220;on|tablet&#8220; global_colors_info=&#8220;{}&#8220;]<\/p>\n<h4><span>Grenzen der KI im Gesundheitswesen <\/span><\/h4>\n<p>KI-Systeme k\u00f6nnen lernen und die Form von Daten verstehen, aber sie k\u00f6nnen ihnen keine semantische Bedeutung beimessen. Sie k\u00f6nnen zwar Muster erkennen, doch fehlt ihnen die F\u00e4higkeit, die zugrun-de liegenden Konzepte zu verstehen. Diese Ein-schr\u00e4nkung bedeutet, dass KI spezifische medizin-ische Daten im Zusammenhang mit bestimmten Er-krankungen erkennen kann (z. B. die Erkennung von Krebs in medizinischen Bildern), aber die medizin-ischen Konzepte hinter den Daten nicht vollst\u00e4ndig verstehen kann (z. B. die Bedeutung von Krebs im Zusammenhang mit dem allgemeinen Gesundheits-zustand eines Patienten).<\/p>\n<p>[\/et_pb_text][\/et_pb_column][\/et_pb_row][et_pb_row _builder_version=&#8220;4.23.1&#8243; _module_preset=&#8220;default&#8220; custom_padding=&#8220;94px|||||&#8220; global_colors_info=&#8220;{}&#8220;][et_pb_column type=&#8220;4_4&#8243; _builder_version=&#8220;4.23.1&#8243; _module_preset=&#8220;default&#8220; global_colors_info=&#8220;{}&#8220;][et_pb_button button_url=&#8220;https:\/\/www.optima-oncology.eu\/wp-content\/uploads\/Factsheet_AI_Explainer_OPTIMA_DE_FINAL.pdf&#8220; url_new_window=&#8220;on&#8220; button_text=&#8220;Dieses Factsheet herunterladen (PDF)&#8220; _builder_version=&#8220;4.23.1&#8243; _module_preset=&#8220;default&#8220; global_colors_info=&#8220;{}&#8220;][\/et_pb_button][\/et_pb_column][\/et_pb_row][\/et_pb_section]<\/p>\n","protected":false},"excerpt":{"rendered":"<p>Krebsbehandlungen durch die Integration von Technologien der k\u00fcnstlichen Intelligenz (KI) verbessern<\/p>\n","protected":false},"author":1,"featured_media":4250,"parent":0,"menu_order":10,"comment_status":"closed","ping_status":"closed","template":"","meta":{"_et_pb_use_builder":"on","_et_pb_old_content":"","_et_gb_content_width":"","footnotes":"","_links_to":"","_links_to_target":""},"class_list":["post-8265","page","type-page","status-publish","has-post-thumbnail","hentry"],"aioseo_notices":[],"_links":{"self":[{"href":"https:\/\/www.optima-oncology.eu\/de\/wp-json\/wp\/v2\/pages\/8265","targetHints":{"allow":["GET"]}}],"collection":[{"href":"https:\/\/www.optima-oncology.eu\/de\/wp-json\/wp\/v2\/pages"}],"about":[{"href":"https:\/\/www.optima-oncology.eu\/de\/wp-json\/wp\/v2\/types\/page"}],"author":[{"embeddable":true,"href":"https:\/\/www.optima-oncology.eu\/de\/wp-json\/wp\/v2\/users\/1"}],"replies":[{"embeddable":true,"href":"https:\/\/www.optima-oncology.eu\/de\/wp-json\/wp\/v2\/comments?post=8265"}],"version-history":[{"count":6,"href":"https:\/\/www.optima-oncology.eu\/de\/wp-json\/wp\/v2\/pages\/8265\/revisions"}],"predecessor-version":[{"id":8311,"href":"https:\/\/www.optima-oncology.eu\/de\/wp-json\/wp\/v2\/pages\/8265\/revisions\/8311"}],"wp:featuredmedia":[{"embeddable":true,"href":"https:\/\/www.optima-oncology.eu\/de\/wp-json\/wp\/v2\/media\/4250"}],"wp:attachment":[{"href":"https:\/\/www.optima-oncology.eu\/de\/wp-json\/wp\/v2\/media?parent=8265"}],"curies":[{"name":"wp","href":"https:\/\/api.w.org\/{rel}","templated":true}]}}