{"id":8129,"date":"2024-03-20T06:00:45","date_gmt":"2024-03-20T06:00:45","guid":{"rendered":"https:\/\/www.optima-oncology.eu\/outputs-optima-auf-einen-blick-revolutionierung-der-onkologie\/"},"modified":"2024-04-08T12:01:31","modified_gmt":"2024-04-08T11:01:31","slug":"outputs-optima-auf-einen-blick-revolutionierung-der-onkologie","status":"publish","type":"page","link":"https:\/\/www.optima-oncology.eu\/de\/outputs-optima-auf-einen-blick-revolutionierung-der-onkologie\/","title":{"rendered":"Outputs &#8211; OPTIMA auf einen Blick \u2013 Revolutionierung der Onkologie"},"content":{"rendered":"<p>[et_pb_section fb_built=&#8220;1&#8243; admin_label=&#8220;Header  &#8220; module_id=&#8220;section001bgs&#8220; _builder_version=&#8220;4.23.1&#8243; _module_preset=&#8220;default&#8220; background_image=&#8220;https:\/\/www.optima-oncology.eu\/wp-content\/uploads\/bg-ellipse-wp-section-001.svg&#8220; background_size=&#8220;initial&#8220; background_position=&#8220;center_left&#8220; min_height=&#8220;440px&#8220; min_height_tablet=&#8220;355px&#8220; min_height_phone=&#8220;&#8220; min_height_last_edited=&#8220;on|tablet&#8220; height=&#8220;440px&#8220; height_tablet=&#8220;355px&#8220; height_phone=&#8220;&#8220; height_last_edited=&#8220;on|tablet&#8220; max_height_tablet=&#8220;355px&#8220; max_height_phone=&#8220;&#8220; max_height_last_edited=&#8220;on|tablet&#8220; custom_padding=&#8220;||12px|||&#8220; da_popup_slug=&#8220;section001bgs&#8220; da_disable_devices=&#8220;off|off|off&#8220; global_colors_info=&#8220;{}&#8220; da_is_popup=&#8220;off&#8220; da_exit_intent=&#8220;off&#8220; da_has_close=&#8220;on&#8220; da_alt_close=&#8220;off&#8220; da_dark_close=&#8220;off&#8220; da_not_modal=&#8220;on&#8220; da_is_singular=&#8220;off&#8220; da_with_loader=&#8220;off&#8220; da_has_shadow=&#8220;on&#8220;][et_pb_row _builder_version=&#8220;4.16&#8243; _module_preset=&#8220;default&#8220; width=&#8220;70%&#8220; custom_margin=&#8220;||||false|false&#8220; custom_margin_tablet=&#8220;||60px||false|false&#8220; custom_margin_phone=&#8220;||60px||false|false&#8220; custom_margin_last_edited=&#8220;on|tablet&#8220; global_colors_info=&#8220;{}&#8220;][et_pb_column type=&#8220;4_4&#8243; _builder_version=&#8220;4.16&#8243; _module_preset=&#8220;default&#8220; global_colors_info=&#8220;{}&#8220;][et_pb_text module_class=&#8220;h1bug&#8220; _builder_version=&#8220;4.23.1&#8243; _module_preset=&#8220;default&#8220; header_font=&#8220;|800|||||||&#8220; header_font_size=&#8220;58px&#8220; header_line_height=&#8220;1.2em&#8220; custom_margin=&#8220;28px||||false|false&#8220; header_font_size_tablet=&#8220;24px&#8220; header_font_size_phone=&#8220;&#8220; header_font_size_last_edited=&#8220;on|tablet&#8220; global_colors_info=&#8220;{}&#8220;]<\/p>\n<h1>Outputs<\/h1>\n<p>[\/et_pb_text][\/et_pb_column][\/et_pb_row][\/et_pb_section][et_pb_section fb_built=&#8220;1&#8243; custom_padding_last_edited=&#8220;on|tablet&#8220; admin_label=&#8220;OPTIMA at a glance \u2013 Revolutionising oncology&#8220; _builder_version=&#8220;4.23.1&#8243; _module_preset=&#8220;default&#8220; custom_margin_tablet=&#8220;&#8220; custom_margin_phone=&#8220;&#8220; custom_margin_last_edited=&#8220;on|tablet&#8220; custom_padding_tablet=&#8220;||0px||false|false&#8220; custom_padding_phone=&#8220;&#8220; da_disable_devices=&#8220;off|off|off&#8220; saved_tabs=&#8220;all&#8220; collapsed=&#8220;off&#8220; global_colors_info=&#8220;{}&#8220; da_is_popup=&#8220;off&#8220; da_exit_intent=&#8220;off&#8220; da_has_close=&#8220;on&#8220; da_alt_close=&#8220;off&#8220; da_dark_close=&#8220;off&#8220; da_not_modal=&#8220;on&#8220; da_is_singular=&#8220;off&#8220; da_with_loader=&#8220;off&#8220; da_has_shadow=&#8220;on&#8220;][et_pb_row _builder_version=&#8220;4.16&#8243; _module_preset=&#8220;default&#8220; global_colors_info=&#8220;{}&#8220;][et_pb_column type=&#8220;4_4&#8243; _builder_version=&#8220;4.16&#8243; _module_preset=&#8220;default&#8220; global_colors_info=&#8220;{}&#8220;][et_pb_text _builder_version=&#8220;4.23.1&#8243; _module_preset=&#8220;default&#8220; header_2_font=&#8220;|700|||||||&#8220; header_2_text_align=&#8220;center&#8220; header_2_line_height=&#8220;120%&#8220; hover_enabled=&#8220;0&#8243; global_colors_info=&#8220;{}&#8220; sticky_enabled=&#8220;0&#8243;]<\/p>\n<h2>Factsheets &amp; \u00dcbersicht<\/h2>\n<p>[\/et_pb_text][\/et_pb_column][\/et_pb_row][et_pb_row _builder_version=&#8220;4.16&#8243; _module_preset=&#8220;default&#8220; custom_padding=&#8220;||45px||false|false&#8220; global_colors_info=&#8220;{}&#8220;][et_pb_column type=&#8220;4_4&#8243; _builder_version=&#8220;4.16&#8243; _module_preset=&#8220;default&#8220; global_colors_info=&#8220;{}&#8220;][et_pb_text _builder_version=&#8220;4.23.1&#8243; _module_preset=&#8220;default&#8220; header_2_line_height=&#8220;120%&#8220; header_3_font_size=&#8220;26px&#8220; header_3_line_height=&#8220;1.2em&#8220; hover_enabled=&#8220;0&#8243; global_colors_info=&#8220;{}&#8220; sticky_enabled=&#8220;0&#8243;]<\/p>\n<h3><strong>OPTIMA auf einen Blick \u2013<br \/>Eine Revolution in der Onkologie<br \/><\/strong><\/h3>\n<p>[\/et_pb_text][\/et_pb_column][\/et_pb_row][et_pb_row column_structure=&#8220;1_2,1_2&#8243; _builder_version=&#8220;4.16&#8243; _module_preset=&#8220;default&#8220; width=&#8220;70%&#8220; custom_margin=&#8220;||||false|false&#8220; custom_padding=&#8220;0px||||false|false&#8220; global_colors_info=&#8220;{}&#8220;][et_pb_column type=&#8220;1_2&#8243; _builder_version=&#8220;4.16&#8243; _module_preset=&#8220;default&#8220; global_colors_info=&#8220;{}&#8220;][et_pb_text _builder_version=&#8220;4.23.1&#8243; _module_preset=&#8220;default&#8220; text_letter_spacing=&#8220;0.02em&#8220; text_line_height=&#8220;150%&#8220; custom_padding=&#8220;||0px|||&#8220; text_font_size_tablet=&#8220;14px&#8220; text_font_size_phone=&#8220;&#8220; text_font_size_last_edited=&#8220;on|tablet&#8220; global_colors_info=&#8220;{}&#8220;]<\/p>\n<h4><span>\u00dcberblick<\/span><\/h4>\n<p>Das OPTIMA-Projekt ist ein von mehreren Interessengruppen gef\u00fchrtes Konsortium mit der Vision, Lungen-, Brust- und Prostatakrebspatienten* Zugang zu modernsten <b>personalisierten<\/b> <b>Behandlungen<\/b> und innovativen Therapien zu <b>verschaffen<\/b>.<\/p>\n<p>Das Hauptziel ist die Entwicklung und Bereitstellung einer interoperablen, GDPR-konformen europ\u00e4ischen <b>Onkologie-Datenplattform<\/b>, die auf die Bed\u00fcrfnisse von Klinikern und Patienten zugeschnitten ist, um die gemeinsame Entscheidungsfindung zu verbessern.<\/p>\n<p>&nbsp;<\/p>\n<p>[\/et_pb_text][et_pb_text _builder_version=&#8220;4.23.1&#8243; _module_preset=&#8220;default&#8220; text_letter_spacing=&#8220;0.02em&#8220; text_line_height=&#8220;150%&#8220; hover_enabled=&#8220;0&#8243; text_font_size_tablet=&#8220;14px&#8220; text_font_size_phone=&#8220;&#8220; text_font_size_last_edited=&#8220;on|tablet&#8220; global_colors_info=&#8220;{}&#8220; sticky_enabled=&#8220;0&#8243;]<\/p>\n<h4>Zielsetzungen<\/h4>\n<p><b>Integration von <\/b><b>Daten<\/b> <b>aus<\/b><b> der <\/b><b>realen<\/b><b> Welt<\/b>: Erfassung und Harmonisierung von gro\u00dfen strukturierten und unstrukturierten Datens\u00e4tzen aus der Routineversorgung und Kombination der Informationen aus verschiedenen Quellen.<\/p>\n<p><b>KI-<\/b><b>gesteuerte<\/b> <b>Entscheidungshilfe<\/b><b>:<\/b>\u202fEntwicklung einer sicheren, nachhaltigen Plattform mit KI-gesteuerten Tools, die auf die neuesten klinischen Praxisleitlinien abgestimmt sind, zur Unterst\u00fctzung der Entscheidungsfindung in der Routineversorgung.<\/p>\n<p><b>Priorisierung<\/b><b> von <\/b><b>Leitlinien<\/b><b>:<\/b>\u202fFokussierung auf Prostata-, Brust- und Lungenkrebs, um ein skalierbares und regelm\u00e4\u00dfig aktualisiertes Tool zur Entscheidungsunterst\u00fctzung basierend auf Leitlinien zu entwickeln.<\/p>\n<p><b>Erweiterte<\/b> <b>Analytik<\/b><b> und KI-<\/b><b>Modelle<\/b><b>:<\/b>\u202fNutzung von KI und fortschrittlicher Analytik, um neues Wissen und Erkenntnisse f\u00fcr eine bessere Krebsbehandlung zu gewinnen.<\/p>\n<p>&nbsp;<\/p>\n<p>[\/et_pb_text][\/et_pb_column][et_pb_column type=&#8220;1_2&#8243; _builder_version=&#8220;4.16&#8243; _module_preset=&#8220;default&#8220; global_colors_info=&#8220;{}&#8220;][et_pb_text _builder_version=&#8220;4.23.1&#8243; _module_preset=&#8220;default&#8220; text_letter_spacing=&#8220;0.02em&#8220; text_line_height=&#8220;150%&#8220; text_font_size_tablet=&#8220;14px&#8220; text_font_size_phone=&#8220;&#8220; text_font_size_last_edited=&#8220;on|tablet&#8220; global_colors_info=&#8220;{}&#8220;]<\/p>\n<h4>Ergebnisse<\/h4>\n<p><b>Bessere<\/b> <b>Ergebnisse<\/b><b> f\u00fcr die <\/b><b>Patienten<\/b> durch ma\u00dfgeschneiderte Behandlungen und neue Therapien.<\/p>\n<p><b>Verbesserte<\/b> <b>klinische<\/b> <b>Entscheidungsfindung<\/b> auf der Grundlage solider Erkenntnisse und der Einhaltung von Leitlinien.<\/p>\n<p>Vertieftes <b>Verst\u00e4ndnis<\/b> <b>zum<\/b><b>\u00a0<\/b><b>Behandlungsergebnis<\/b><b>\u00a0von <\/b><b>Krebstherapien<\/b> und <b>zum<\/b> <b>Befinden<\/b> <b>der <\/b><b>Patienten<\/b> durch fortschrittliche Analysen.\u00a0<\/p>\n<p>Einf\u00fchrung strenger <b>Datenschutzma\u00dfnahmen<\/b> f\u00fcr die personenbezogenen Daten der Patienten.<\/p>\n<p>&nbsp;<\/p>\n<p>[\/et_pb_text][et_pb_text _builder_version=&#8220;4.23.1&#8243; _module_preset=&#8220;default&#8220; text_letter_spacing=&#8220;0.02em&#8220; text_line_height=&#8220;150%&#8220; text_font_size_tablet=&#8220;14px&#8220; text_font_size_phone=&#8220;&#8220; text_font_size_last_edited=&#8220;on|tablet&#8220; global_colors_info=&#8220;{}&#8220;]<\/p>\n<h4><span>Schl\u00fcsselkomponenten <\/span><\/h4>\n<p><b>KI-<\/b><b>gest\u00fctztes<\/b> <b>Entscheidungshilfe<\/b><b>-Tool:<\/b>\u202fEin ausgekl\u00fcgeltes Tool, das Klinikern dabei hilft, anhand aktueller Leitlinien und patientenspezifischer Daten evidenzbasierte Entscheidungen zu treffen.<\/p>\n<p><b>Datenintegration<\/b><b> und &#8211;<\/b><b>harmonisierung<\/b><b>:<\/b>\u202fRobuste Prozesse zur Zusammenf\u00fchrung und Standardisierung von realen Datens\u00e4tzen aus verschiedenen Quellen, die die Integrit\u00e4t und Zuverl\u00e4ssigkeit der Daten gew\u00e4hrleisten.<\/p>\n<p><b>Einhaltung<\/b> <b>ethischer<\/b><b> und <\/b><b>rechtlicher<\/b> <b>Vorschriften<\/b><b>:<\/b>\u202fEinhaltung aller rechtlichen und ethischen Standards in Bezug auf den Schutz von Patientendaten und die Durchf\u00fchrung von Forschungsarbeiten.<\/p>\n<p>&nbsp;<\/p>\n<p>[\/et_pb_text][\/et_pb_column][\/et_pb_row][et_pb_row _builder_version=&#8220;4.16&#8243; _module_preset=&#8220;default&#8220; custom_padding=&#8220;||45px||false|false&#8220; global_colors_info=&#8220;{}&#8220;][et_pb_column type=&#8220;4_4&#8243; _builder_version=&#8220;4.16&#8243; _module_preset=&#8220;default&#8220; global_colors_info=&#8220;{}&#8220;][et_pb_text _builder_version=&#8220;4.23.1&#8243; _module_preset=&#8220;default&#8220; header_2_line_height=&#8220;120%&#8220; header_3_font_size=&#8220;26px&#8220; header_3_line_height=&#8220;1.2em&#8220; hover_enabled=&#8220;0&#8243; global_colors_info=&#8220;{}&#8220; sticky_enabled=&#8220;0&#8243;]<\/p>\n<h3><strong>OPTIMA im \u00dcberblick \u2013<br \/>Neue Ma\u00dfst\u00e4be in der Krebsforschung setzen<\/strong><\/h3>\n<p>&nbsp;<\/p>\n<p>[\/et_pb_text][\/et_pb_column][\/et_pb_row][et_pb_row column_structure=&#8220;1_2,1_2&#8243; _builder_version=&#8220;4.16&#8243; _module_preset=&#8220;default&#8220; width=&#8220;70%&#8220; custom_margin=&#8220;||||false|false&#8220; custom_padding=&#8220;0px||||false|false&#8220; global_colors_info=&#8220;{}&#8220;][et_pb_column type=&#8220;1_2&#8243; _builder_version=&#8220;4.16&#8243; _module_preset=&#8220;default&#8220; global_colors_info=&#8220;{}&#8220;][et_pb_text _builder_version=&#8220;4.23.1&#8243; _module_preset=&#8220;default&#8220; text_letter_spacing=&#8220;0.02em&#8220; text_line_height=&#8220;150%&#8220; custom_padding=&#8220;||0px|||&#8220; text_font_size_tablet=&#8220;14px&#8220; text_font_size_phone=&#8220;&#8220; text_font_size_last_edited=&#8220;on|tablet&#8220; global_colors_info=&#8220;{}&#8220;]<\/p>\n<h4><span>Zusammenarbeit<\/span><\/h4>\n<p>Das OPTIMA-Projekt f\u00f6rdert die Zusammenarbeit zwischen Medizinern, Forschern, Patientenvertretern, Technologieexperten und der Pharmaindustrie.<\/p>\n<p>Ein <b>integrativer<\/b> und <b>nachhaltiger<\/b> Ansatz untermauert die Bem\u00fchungen des Konsortiums, wirkungsvolle Forschungsergebnisse zu erzielen.\u00a0<\/p>\n<p>[\/et_pb_text][et_pb_image src=&#8220;https:\/\/www.optima-oncology.eu\/wp-content\/uploads\/setting-new-standards-in-cancer-research.png&#8220; alt=&#8220;OPTIMA \u00dcbersicht \u2013 Neue Ma\u00dfst\u00e4be in der Krebsforschung setzen&#8220; title_text=&#8220;OPTIMA Overview \u2013 Setting new standards in Cancer Research&#8220; _builder_version=&#8220;4.23.1&#8243; _module_preset=&#8220;default&#8220; hover_enabled=&#8220;0&#8243; global_colors_info=&#8220;{}&#8220; sticky_enabled=&#8220;0&#8243;][\/et_pb_image][\/et_pb_column][et_pb_column type=&#8220;1_2&#8243; _builder_version=&#8220;4.16&#8243; _module_preset=&#8220;default&#8220; global_colors_info=&#8220;{}&#8220;][et_pb_text _builder_version=&#8220;4.23.1&#8243; _module_preset=&#8220;default&#8220; text_letter_spacing=&#8220;0.02em&#8220; text_line_height=&#8220;150%&#8220; hover_enabled=&#8220;0&#8243; text_font_size_tablet=&#8220;14px&#8220; text_font_size_phone=&#8220;&#8220; text_font_size_last_edited=&#8220;on|tablet&#8220; global_colors_info=&#8220;{}&#8220; sticky_enabled=&#8220;0&#8243;]<\/p>\n<h4>Einf\u00fchrung<\/h4>\n<p>Die OPTIMA-Plattform wird im klinischen Alltag eingesetzt und bietet Klinikern und Patienten <b>Unterst\u00fctzung<\/b> <b>in der Praxis<\/b>.<\/p>\n<p>Durch <b>kontinuierliche<\/b> <b>Evaluierung<\/b> und Optimierung werden die Wirksamkeit der Plattform und ihre technische Robustheit sichergestellt.<\/p>\n<p>&nbsp;<\/p>\n<p>[\/et_pb_text][et_pb_text _builder_version=&#8220;4.23.1&#8243; _module_preset=&#8220;default&#8220; text_letter_spacing=&#8220;0.02em&#8220; text_line_height=&#8220;150%&#8220; hover_enabled=&#8220;0&#8243; text_font_size_tablet=&#8220;14px&#8220; text_font_size_phone=&#8220;&#8220; text_font_size_last_edited=&#8220;on|tablet&#8220; global_colors_info=&#8220;{}&#8220; sticky_enabled=&#8220;0&#8243;]<\/p>\n<h4>Datenschutz<\/h4>\n<p>Die Vertraulichkeit der Patientendaten und der Schutz der Privatsph\u00e4re werden unter Einhaltung <b>strenger<\/b> <b>Datenschutzregeln<\/b> und -vorschriften strikt eingehalten.<\/p>\n<p>[\/et_pb_text][et_pb_text _builder_version=&#8220;4.23.1&#8243; _module_preset=&#8220;default&#8220; text_letter_spacing=&#8220;0.02em&#8220; text_line_height=&#8220;150%&#8220; hover_enabled=&#8220;0&#8243; text_font_size_tablet=&#8220;14px&#8220; text_font_size_phone=&#8220;&#8220; text_font_size_last_edited=&#8220;on|tablet&#8220; global_colors_info=&#8220;{}&#8220; sticky_enabled=&#8220;0&#8243;]<\/p>\n<h4>Schlussfolgerung<\/h4>\n<p>Das OPTIMA-Projekt ist ein gemeinschaftliches Projekt, das die <b>Krebsbehandlung<\/b> durch fortschrittliche datengesteuerte Ans\u00e4tze und <b>KI-<\/b><b>gest\u00fctzte<\/b> <b>Entscheidungshilfen<\/b> <b>revolutionieren<\/b> soll.<\/p>\n<p>Durch die Integration <b>realer <\/b><b>Daten<\/b>, die Priorisierung der Einhaltung von Leitlinien und die Nutzung modernster Technologien soll das Projekt einen erheblichen Einfluss auf <b>personalisierte<\/b> <b>Krebsbehandlungen<\/b> und <b>gemeinsame<\/b> <b>Entscheidungsfindung<\/b> haben, was letztlich zu besseren Ergebnissen und Wohlbefinden der Patienten f\u00fchrt.<\/p>\n<p>&nbsp;<\/p>\n<p>[\/et_pb_text][\/et_pb_column][\/et_pb_row][et_pb_row _builder_version=&#8220;4.23.1&#8243; _module_preset=&#8220;default&#8220; global_colors_info=&#8220;{}&#8220;][et_pb_column type=&#8220;4_4&#8243; _builder_version=&#8220;4.23.1&#8243; _module_preset=&#8220;default&#8220; global_colors_info=&#8220;{}&#8220;][et_pb_button button_url=&#8220;https:\/\/www.optima-oncology.eu\/wp-content\/uploads\/Factsheet_OPTIMA-DE-FINAL.pdf&#8220; url_new_window=&#8220;on&#8220; button_text=&#8220;Dieses Factsheet herunterladen (PDF)&#8220; _builder_version=&#8220;4.23.1&#8243; _module_preset=&#8220;default&#8220; global_colors_info=&#8220;{}&#8220;][\/et_pb_button][\/et_pb_column][\/et_pb_row][\/et_pb_section]<\/p>\n","protected":false},"excerpt":{"rendered":"<p>Die Vision, Patienten mit Lungen-, Brust- und Prostatakrebs Zugang zu hochmodernen, personalisierten Behandlungen und innovativen Therapien zu verschaffen<\/p>\n","protected":false},"author":1,"featured_media":4250,"parent":0,"menu_order":10,"comment_status":"closed","ping_status":"closed","template":"","meta":{"_et_pb_use_builder":"on","_et_pb_old_content":"","_et_gb_content_width":"","footnotes":"","_links_to":"","_links_to_target":""},"class_list":["post-8129","page","type-page","status-publish","has-post-thumbnail","hentry"],"aioseo_notices":[],"_links":{"self":[{"href":"https:\/\/www.optima-oncology.eu\/de\/wp-json\/wp\/v2\/pages\/8129","targetHints":{"allow":["GET"]}}],"collection":[{"href":"https:\/\/www.optima-oncology.eu\/de\/wp-json\/wp\/v2\/pages"}],"about":[{"href":"https:\/\/www.optima-oncology.eu\/de\/wp-json\/wp\/v2\/types\/page"}],"author":[{"embeddable":true,"href":"https:\/\/www.optima-oncology.eu\/de\/wp-json\/wp\/v2\/users\/1"}],"replies":[{"embeddable":true,"href":"https:\/\/www.optima-oncology.eu\/de\/wp-json\/wp\/v2\/comments?post=8129"}],"version-history":[{"count":5,"href":"https:\/\/www.optima-oncology.eu\/de\/wp-json\/wp\/v2\/pages\/8129\/revisions"}],"predecessor-version":[{"id":8421,"href":"https:\/\/www.optima-oncology.eu\/de\/wp-json\/wp\/v2\/pages\/8129\/revisions\/8421"}],"wp:featuredmedia":[{"embeddable":true,"href":"https:\/\/www.optima-oncology.eu\/de\/wp-json\/wp\/v2\/media\/4250"}],"wp:attachment":[{"href":"https:\/\/www.optima-oncology.eu\/de\/wp-json\/wp\/v2\/media?parent=8129"}],"curies":[{"name":"wp","href":"https:\/\/api.w.org\/{rel}","templated":true}]}}